{"id":13,"date":"2023-08-29T12:26:19","date_gmt":"2023-08-29T12:26:19","guid":{"rendered":"https:\/\/platosmg.hu\/?page_id=13"},"modified":"2023-11-08T11:10:40","modified_gmt":"2023-11-08T11:10:40","slug":"cegbemutato","status":"publish","type":"page","link":"https:\/\/platosmg.hu\/?page_id=13","title":{"rendered":"C\u00e9gbemutat\u00f3"},"content":{"rendered":"<p>[et_pb_section fb_built=&#8221;1&#8243; _builder_version=&#8221;4.22.1&#8243; _module_preset=&#8221;default&#8221; global_colors_info=&#8221;{}&#8221;][et_pb_row use_custom_gutter=&#8221;on&#8221; gutter_width=&#8221;1&#8243; _builder_version=&#8221;4.22.1&#8243; _module_preset=&#8221;default&#8221; custom_padding=&#8221;|||30px|false|false&#8221; hover_enabled=&#8221;0&#8243; border_color_all=&#8221;#e94558&#8243; border_width_left=&#8221;2px&#8221; global_colors_info=&#8221;{}&#8221; column_structure=&#8221;2_3,1_3&#8243; max_width=&#8221;80%&#8221; width=&#8221;75%&#8221; sticky_enabled=&#8221;0&#8243;][et_pb_column type=&#8221;2_3&#8243; _builder_version=&#8221;4.22.1&#8243; _module_preset=&#8221;default&#8221; global_colors_info=&#8221;{}&#8221;][et_pb_text _builder_version=&#8221;4.22.1&#8243; text_font=&#8221;|600|||||||&#8221; text_text_color=&#8221;#000000&#8243; text_font_size=&#8221;17px&#8221; text_line_height=&#8221;1.9em&#8221; header_2_text_color=&#8221;#000000&#8243; header_2_font_size=&#8221;30px&#8221; custom_margin=&#8221;||32px|||&#8221; locked=&#8221;off&#8221; global_colors_info=&#8221;{}&#8221;]<\/p>\n<h4><\/h4>\n<h2>C\u00e9gbemutat\u00f3<\/h2>\n<p>[\/et_pb_text][et_pb_text _builder_version=&#8221;4.22.1&#8243; text_font=&#8221;|600|||||||&#8221; text_text_color=&#8221;#000000&#8243; text_font_size=&#8221;17px&#8221; text_line_height=&#8221;1.9em&#8221; locked=&#8221;off&#8221; global_colors_info=&#8221;{}&#8221;]<\/p>\n<p>A Plat\u00f3 SMG Kft. 2000. augusztus\u00e1ban kezdte meg m\u0171k\u00f6d\u00e9s\u00e9t, mint j\u00e1rm\u0171- \u00e9s g\u00e9pipari tervez\u00e9sre \u00e9s gy\u00e1rt\u00e1sra szakosodott v\u00e1llalkoz\u00e1s.<\/p>\n<p>Termel\u00e9si kapacit\u00e1sunk \u00e9vente 250-300 j\u00e1rm\u0171 \u00e1talak\u00edt\u00e1s\u00e1t teszi lehet\u0151v\u00e9. 1200 m2-es ter\u00fcleten szakmailag j\u00f3l k\u00e9pzett munkat\u00e1rsakkal igyeksz\u00fcnk vev\u0151ink ig\u00e9nyeit maxim\u00e1lisan kiel\u00e9g\u00edteni.<\/p>\n<p>[\/et_pb_text][\/et_pb_column][et_pb_column type=&#8221;1_3&#8243; _builder_version=&#8221;4.22.1&#8243; _module_preset=&#8221;default&#8221; global_colors_info=&#8221;{}&#8221;][et_pb_image src=&#8221;https:\/\/platosmg.hu\/wp-content\/uploads\/2023\/11\/cegbemutato-mellefooldalra-melle-1.jpg&#8221; _builder_version=&#8221;4.22.1&#8243; _module_preset=&#8221;default&#8221; title_text=&#8221;c\u00e9gbemutat\u00f3 mell\u00e9+f\u0151oldalra mell\u00e9 (1)&#8221; hover_enabled=&#8221;0&#8243; sticky_enabled=&#8221;0&#8243;][\/et_pb_image][\/et_pb_column][\/et_pb_row][et_pb_row column_structure=&#8221;1_2,1_2&#8243; use_custom_gutter=&#8221;on&#8221; gutter_width=&#8221;1&#8243; _builder_version=&#8221;4.22.1&#8243; custom_padding=&#8221;|||30px|false|false&#8221; hover_enabled=&#8221;0&#8243; border_color_all=&#8221;#e94558&#8243; border_width_left=&#8221;2px&#8221; global_colors_info=&#8221;{}&#8221; width=&#8221;75%&#8221; max_width=&#8221;80%&#8221;][et_pb_column type=&#8221;1_2&#8243; _builder_version=&#8221;4.16&#8243; global_colors_info=&#8221;{}&#8221;][et_pb_blurb title=&#8221;2000&#8243; use_icon=&#8221;on&#8221; font_icon=&#8221;&#x5e;||divi||400&#8243; icon_color=&#8221;#e94558&#8243; icon_placement=&#8221;left&#8221; image_icon_width=&#8221;40px&#8221; content_max_width=&#8221;100%&#8221; _builder_version=&#8221;4.22.1&#8243; header_level=&#8221;h5&#8243; header_font=&#8221;|||on|||||&#8221; header_text_color=&#8221;#e94558&#8243; header_font_size=&#8221;27px&#8221; header_line_height=&#8221;1.4em&#8221; body_font=&#8221;|700|||||||&#8221; body_text_color=&#8221;#000000&#8243; body_font_size=&#8221;20px&#8221; custom_margin=&#8221;|||-51px|false|false&#8221; body_font_size_tablet=&#8221;18px&#8221; body_font_size_phone=&#8221;16px&#8221; body_font_size_last_edited=&#8221;on|phone&#8221; icon_font_size=&#8221;40px&#8221; locked=&#8221;off&#8221; global_colors_info=&#8221;{}&#8221;]<\/p>\n<p>Az indul\u00e1s<\/p>\n<p>[\/et_pb_blurb][\/et_pb_column][et_pb_column type=&#8221;1_2&#8243; _builder_version=&#8221;4.16&#8243; global_colors_info=&#8221;{}&#8221;][et_pb_text _builder_version=&#8221;4.22.1&#8243; text_font=&#8221;|600|||||||&#8221; text_text_color=&#8221;#000000&#8243; text_font_size=&#8221;17px&#8221; text_line_height=&#8221;1.9em&#8221; locked=&#8221;off&#8221; global_colors_info=&#8221;{}&#8221;]<\/p>\n<p>C\u00e9galap\u00edt\u00e1sunk \u00f3ta mintegy 2500 db fel\u00e9p\u00edtm\u00e9nyt gy\u00e1rtottunk vev\u0151ink megel\u00e9gedetts\u00e9g\u00e9re. F\u0151bb term\u00e9keinket \u00e1ltal\u00e1nos \u00e9s speci\u00e1lis j\u00e1rm\u0171fel\u00e9p\u00edtm\u00e9nyek, illetve egyedi \u00e9p\u00edt\u00e9s\u0171 j\u00e1rm\u0171vek &#8211; f\u0151k\u00e9nt p\u00f3tkocsik \u2013 k\u00e9pezik. K\u00edn\u00e1latunkban szerepel tov\u00e1bb\u00e1 z\u00e1rt furgonok rakter\u00e9nek burkol\u00e1sa, ut\u00f3lagos h\u0151szigetel\u00e9se, valamint berendez\u00e9se. Ig\u00e9ny eset\u00e9n v\u00e1llaljuk egyedi kivitel\u0171 j\u00e1rm\u0171v\u00e1zszerkezetek tervez\u00e9s\u00e9t \u00e9s \u00e9p\u00edt\u00e9s\u00e9t is. \u00c1ltal\u00e1nos kivitelben: plat\u00f3s, plat\u00f3s-ponyv\u00e1s, dobozos, h\u0151szigetelt, fagyaszt\u00f3 t\u00edpusokat, m\u00edg speci\u00e1lis kivitelben: billen\u0151plat\u00f3s, darus plat\u00f3s, aut\u00f3sz\u00e1ll\u00edt\u00f3, \u00e9lelmiszersz\u00e1ll\u00edt\u00f3,mobil rekl\u00e1mhordoz\u00f3 fel\u00e9p\u00edtm\u00e9nyeket, l\u00f3- illetve egy\u00e9b \u00e9l\u0151\u00e1llat sz\u00e1ll\u00edt\u00f3, valamint emel\u0151h\u00e1tfallal szerelt fel\u00e9p\u00edtm\u00e9nyeket \u00e9s p\u00f3tkocsikat tervez\u00fcnk \u00e9s \u00e9p\u00edt\u00fcnk.<\/p>\n<p>[\/et_pb_text][\/et_pb_column][\/et_pb_row][et_pb_row column_structure=&#8221;1_2,1_2&#8243; use_custom_gutter=&#8221;on&#8221; gutter_width=&#8221;1&#8243; _builder_version=&#8221;4.16&#8243; custom_padding=&#8221;|||30px|false|false&#8221; hover_enabled=&#8221;0&#8243; border_color_all=&#8221;#e94558&#8243; border_width_left=&#8221;2px&#8221; global_colors_info=&#8221;{}&#8221; width=&#8221;75%&#8221; max_width=&#8221;80%&#8221;][et_pb_column type=&#8221;1_2&#8243; _builder_version=&#8221;4.16&#8243; global_colors_info=&#8221;{}&#8221;][et_pb_blurb title=&#8221;2004&#8243; use_icon=&#8221;on&#8221; font_icon=&#8221;&#x5e;||divi||400&#8243; icon_color=&#8221;#e94558&#8243; icon_placement=&#8221;left&#8221; image_icon_width=&#8221;40px&#8221; content_max_width=&#8221;100%&#8221; _builder_version=&#8221;4.22.1&#8243; header_level=&#8221;h5&#8243; header_font=&#8221;|||on|||||&#8221; header_text_color=&#8221;#e94558&#8243; header_font_size=&#8221;27px&#8221; header_line_height=&#8221;1.4em&#8221; body_font=&#8221;|700|||||||&#8221; body_text_color=&#8221;#000000&#8243; body_font_size=&#8221;20px&#8221; custom_margin=&#8221;|||-51px|false|false&#8221; body_font_size_tablet=&#8221;18px&#8221; body_font_size_phone=&#8221;16px&#8221; body_font_size_last_edited=&#8221;on|phone&#8221; icon_font_size=&#8221;40px&#8221; locked=&#8221;off&#8221; global_colors_info=&#8221;{}&#8221;]<\/p>\n<p>Min\u0151s\u00e9gir\u00e1ny\u00edt\u00e1si rendszer<\/p>\n<p>[\/et_pb_blurb][\/et_pb_column][et_pb_column type=&#8221;1_2&#8243; _builder_version=&#8221;4.16&#8243; global_colors_info=&#8221;{}&#8221;][et_pb_text _builder_version=&#8221;4.22.1&#8243; text_font=&#8221;|600|||||||&#8221; text_text_color=&#8221;#000000&#8243; text_font_size=&#8221;17px&#8221; text_line_height=&#8221;1.9em&#8221; locked=&#8221;off&#8221; global_colors_info=&#8221;{}&#8221;]<\/p>\n<p>Szolg\u00e1ltat\u00f3 tev\u00e9kenys\u00e9g\u00fcnk keret\u00e9ben gondoskodunk a teherg\u00e9pj\u00e1rm\u0171vek, illetve a p\u00f3tkocsik forgalomba helyez\u00e9s\u00e9hez, \u00fczemeltet\u00e9s\u00e9hez, kezel\u00e9s\u00e9hez kapcsol\u00f3d\u00f3 ig\u00e9nyek kiel\u00e9g\u00edt\u00e9s\u00e9r\u0151l is, \u00fagymint jav\u00edt\u00e1s, fel\u00faj\u00edt\u00e1s, valamint m\u0171szaki hat\u00f3s\u00e1gi enged\u00e9lyeztet\u00e9s \u00e9s vizsg\u00e1ztat\u00e1s. 2004. j\u00faliust\u00f3l c\u00e9ljaink megval\u00f3s\u00edt\u00e1sa \u00e9s versenyk\u00e9pess\u00e9g\u00fcnk tov\u00e1bbi n\u00f6vel\u00e9se \u00e9rdek\u00e9ben az ISO 9001:2000 szabv\u00e1ny el\u0151\u00edr\u00e1sainak megfelel\u0151 min\u0151s\u00e9gir\u00e1ny\u00edt\u00e1si rendszert \u00e9p\u00edtett\u00fcnk ki \u00e9s vezett\u00fcnk be.<\/p>\n<p>[\/et_pb_text][\/et_pb_column][\/et_pb_row][et_pb_row column_structure=&#8221;1_2,1_2&#8243; use_custom_gutter=&#8221;on&#8221; gutter_width=&#8221;1&#8243; _builder_version=&#8221;4.16&#8243; custom_padding=&#8221;|||30px|false|false&#8221; hover_enabled=&#8221;0&#8243; border_color_all=&#8221;#e94558&#8243; border_width_left=&#8221;2px&#8221; global_colors_info=&#8221;{}&#8221; width=&#8221;75%&#8221; max_width=&#8221;80%&#8221;][et_pb_column type=&#8221;1_2&#8243; _builder_version=&#8221;4.16&#8243; global_colors_info=&#8221;{}&#8221;][et_pb_blurb title=&#8221;2017&#8243; use_icon=&#8221;on&#8221; font_icon=&#8221;&#x5e;||divi||400&#8243; icon_color=&#8221;#e94558&#8243; icon_placement=&#8221;left&#8221; image_icon_width=&#8221;40px&#8221; content_max_width=&#8221;100%&#8221; _builder_version=&#8221;4.22.1&#8243; header_level=&#8221;h5&#8243; header_font=&#8221;|||on|||||&#8221; header_text_color=&#8221;#e94558&#8243; header_font_size=&#8221;27px&#8221; header_line_height=&#8221;1.4em&#8221; body_font=&#8221;|700|||||||&#8221; body_text_color=&#8221;#000000&#8243; body_font_size=&#8221;20px&#8221; custom_margin=&#8221;|||-51px|false|false&#8221; body_font_size_tablet=&#8221;18px&#8221; body_font_size_phone=&#8221;16px&#8221; body_font_size_last_edited=&#8221;on|phone&#8221; icon_font_size=&#8221;40px&#8221; locked=&#8221;off&#8221; global_colors_info=&#8221;{}&#8221;]<\/p>\n<p>K\u00f6lt\u00f6z\u00e9s<\/p>\n<p>[\/et_pb_blurb][\/et_pb_column][et_pb_column type=&#8221;1_2&#8243; _builder_version=&#8221;4.16&#8243; global_colors_info=&#8221;{}&#8221;][et_pb_text _builder_version=&#8221;4.22.1&#8243; text_font=&#8221;|600|||||||&#8221; text_text_color=&#8221;#000000&#8243; text_font_size=&#8221;17px&#8221; text_line_height=&#8221;1.9em&#8221; locked=&#8221;off&#8221; global_colors_info=&#8221;{}&#8221;]<\/p>\n<p>A sikeres m\u0171k\u00f6d\u00e9s\u00fcnknek k\u00f6sz\u00f6nhet\u0151en el tudtuk hagyni az addig b\u00e9relt m\u0171hely\u00fcnket, \u00e9s \u00e1t tudtunk k\u00f6lt\u00f6zni az \u00faj saj\u00e1t m\u0171hely\u00fcnkbe. Ezt nagy sikerk\u00e9nt \u00e9lt\u00fck meg. Az \u00faj m\u0171hely\u00fcnket a saj\u00e1t ig\u00e9nyeinknek szerint alak\u00edtottuk ki, \u00e9s szerelt\u00fck fel, ezzel sokat javult a termel\u00e9kenys\u00e9g\u00fcnk is.<\/p>\n<p>[\/et_pb_text][\/et_pb_column][\/et_pb_row][et_pb_row column_structure=&#8221;1_2,1_2&#8243; use_custom_gutter=&#8221;on&#8221; gutter_width=&#8221;1&#8243; _builder_version=&#8221;4.16&#8243; custom_padding=&#8221;|||30px|false|false&#8221; hover_enabled=&#8221;0&#8243; border_color_all=&#8221;#e94558&#8243; border_width_left=&#8221;2px&#8221; global_colors_info=&#8221;{}&#8221; width=&#8221;75%&#8221; max_width=&#8221;80%&#8221;][et_pb_column type=&#8221;1_2&#8243; _builder_version=&#8221;4.16&#8243; global_colors_info=&#8221;{}&#8221;][et_pb_blurb title=&#8221;2023&#8243; use_icon=&#8221;on&#8221; font_icon=&#8221;&#x5e;||divi||400&#8243; icon_color=&#8221;#e94558&#8243; icon_placement=&#8221;left&#8221; image_icon_width=&#8221;40px&#8221; content_max_width=&#8221;100%&#8221; _builder_version=&#8221;4.22.1&#8243; header_level=&#8221;h5&#8243; header_font=&#8221;|||on|||||&#8221; header_text_color=&#8221;#e94558&#8243; header_font_size=&#8221;27px&#8221; header_line_height=&#8221;1.4em&#8221; body_font=&#8221;|700|||||||&#8221; body_text_color=&#8221;#000000&#8243; body_font_size=&#8221;20px&#8221; custom_margin=&#8221;|||-51px|false|false&#8221; body_font_size_tablet=&#8221;18px&#8221; body_font_size_phone=&#8221;16px&#8221; body_font_size_last_edited=&#8221;on|phone&#8221; icon_font_size=&#8221;40px&#8221; locked=&#8221;off&#8221; global_colors_info=&#8221;{}&#8221;]<\/p>\n<p>Napjainkban<\/p>\n<p>[\/et_pb_blurb][\/et_pb_column][et_pb_column type=&#8221;1_2&#8243; _builder_version=&#8221;4.16&#8243; global_colors_info=&#8221;{}&#8221;][et_pb_text _builder_version=&#8221;4.22.1&#8243; text_font=&#8221;|600|||||||&#8221; text_text_color=&#8221;#000000&#8243; text_font_size=&#8221;17px&#8221; text_line_height=&#8221;1.9em&#8221; locked=&#8221;off&#8221; global_colors_info=&#8221;{}&#8221;]<\/p>\n<p>A kezdetekhez k\u00e9pest egy kicsit \u00e1trendez\u0151d\u00f6tt a term\u00e9kpalett\u00e1nk. Jelenleg a legf\u0151bb term\u00e9keink a\u00a0 plat\u00f3s, plat\u00f3s-ponyv\u00e1s, billen\u0151plat\u00f3s, dobozos, h\u0151szigetelt fel\u00e9p\u00edtm\u00e9nyek gy\u00e1rt\u00e1sa, illetve jav\u00edt\u00e1sa. A t\u00f6bbi term\u00e9kt\u00edpus, mint a darus plat\u00f3s, aut\u00f3sz\u00e1ll\u00edt\u00f3, \u00e9lelmiszersz\u00e1ll\u00edt\u00f3, mobil rekl\u00e1mhordoz\u00f3, l\u00f3- illetve egy\u00e9b \u00e9l\u0151\u00e1llat sz\u00e1ll\u00edt\u00f3 fel\u00e9p\u00edtm\u00e9nyekb\u0151l cs\u00f6kkent a kereslet. Term\u00e9szetesen tov\u00e1bbra is foglalkozunk az al\u00e1bbi term\u00e9kek gy\u00e1rt\u00e1s\u00e1val, amennyiben van r\u00e1 ig\u00e9ny.<\/p>\n<p>[\/et_pb_text][\/et_pb_column][\/et_pb_row][\/et_pb_section]<\/p>\n","protected":false},"excerpt":{"rendered":"<p>C\u00e9gbemutat\u00f3A Plat\u00f3 SMG Kft. 2000. augusztus\u00e1ban kezdte meg m\u0171k\u00f6d\u00e9s\u00e9t, mint j\u00e1rm\u0171- \u00e9s g\u00e9pipari tervez\u00e9sre \u00e9s gy\u00e1rt\u00e1sra szakosodott v\u00e1llalkoz\u00e1s. Termel\u00e9si kapacit\u00e1sunk \u00e9vente 250-300 j\u00e1rm\u0171 \u00e1talak\u00edt\u00e1s\u00e1t teszi lehet\u0151v\u00e9. 1200 m2-es ter\u00fcleten szakmailag j\u00f3l k\u00e9pzett munkat\u00e1rsakkal igyeksz\u00fcnk vev\u0151ink ig\u00e9nyeit maxim\u00e1lisan kiel\u00e9g\u00edteni.Az indul\u00e1sC\u00e9galap\u00edt\u00e1sunk \u00f3ta mintegy 2500 db fel\u00e9p\u00edtm\u00e9nyt gy\u00e1rtottunk vev\u0151ink megel\u00e9gedetts\u00e9g\u00e9re. F\u0151bb term\u00e9keinket \u00e1ltal\u00e1nos \u00e9s speci\u00e1lis j\u00e1rm\u0171fel\u00e9p\u00edtm\u00e9nyek, illetve egyedi [&hellip;]<\/p>\n","protected":false},"author":1,"featured_media":0,"parent":0,"menu_order":0,"comment_status":"closed","ping_status":"closed","template":"","meta":{"_et_pb_use_builder":"on","_et_pb_old_content":"<!-- wp:divi\/placeholder \/-->","_et_gb_content_width":"","footnotes":""},"class_list":["post-13","page","type-page","status-publish","hentry"],"_links":{"self":[{"href":"https:\/\/platosmg.hu\/index.php?rest_route=\/wp\/v2\/pages\/13","targetHints":{"allow":["GET"]}}],"collection":[{"href":"https:\/\/platosmg.hu\/index.php?rest_route=\/wp\/v2\/pages"}],"about":[{"href":"https:\/\/platosmg.hu\/index.php?rest_route=\/wp\/v2\/types\/page"}],"author":[{"embeddable":true,"href":"https:\/\/platosmg.hu\/index.php?rest_route=\/wp\/v2\/users\/1"}],"replies":[{"embeddable":true,"href":"https:\/\/platosmg.hu\/index.php?rest_route=%2Fwp%2Fv2%2Fcomments&post=13"}],"version-history":[{"count":9,"href":"https:\/\/platosmg.hu\/index.php?rest_route=\/wp\/v2\/pages\/13\/revisions"}],"predecessor-version":[{"id":1231,"href":"https:\/\/platosmg.hu\/index.php?rest_route=\/wp\/v2\/pages\/13\/revisions\/1231"}],"wp:attachment":[{"href":"https:\/\/platosmg.hu\/index.php?rest_route=%2Fwp%2Fv2%2Fmedia&parent=13"}],"curies":[{"name":"wp","href":"https:\/\/api.w.org\/{rel}","templated":true}]}}