{"id":2,"date":"2023-08-29T11:09:26","date_gmt":"2023-08-29T11:09:26","guid":{"rendered":"https:\/\/platosmg.hu\/?page_id=2"},"modified":"2025-06-26T11:32:00","modified_gmt":"2025-06-26T11:32:00","slug":"sample-page","status":"publish","type":"page","link":"https:\/\/platosmg.hu\/","title":{"rendered":"F\u0151oldal"},"content":{"rendered":"<p>[et_pb_section fb_built=&#8221;1&#8243; fullwidth=&#8221;on&#8221; _builder_version=&#8221;4.23.1&#8243; _module_preset=&#8221;default&#8221; global_colors_info=&#8221;{}&#8221;][et_pb_fullwidth_slider _builder_version=&#8221;4.23.1&#8243; _module_preset=&#8221;default&#8221; header_font=&#8221;|600||on|||||&#8221; header_text_align=&#8221;left&#8221; header_font_size=&#8221;52px&#8221; button_alignment=&#8221;left&#8221; custom_padding=&#8221;||208px|||&#8221; global_colors_info=&#8221;{}&#8221;][et_pb_slide heading=&#8221;Billencs fel\u00e9p\u00edtm\u00e9nyek&#8221; button_text=&#8221;Aj\u00e1nlatk\u00e9r\u00e9s&#8221; button_link=&#8221;https:\/\/platosmg.hu\/?page_id=24&#8243; use_bg_overlay=&#8221;on&#8221; bg_overlay_color=&#8221;rgba(10,6,6,0.64)&#8221; _builder_version=&#8221;4.23.1&#8243; _module_preset=&#8221;default&#8221; body_text_align=&#8221;left&#8221; body_font_size=&#8221;20px&#8221; background_image=&#8221;https:\/\/platosmg.hu\/wp-content\/uploads\/2024\/04\/FB_IMG_1704799971277.jpg&#8221; background_enable_image=&#8221;on&#8221; custom_button=&#8221;on&#8221; button_text_size=&#8221;22px&#8221; button_text_color=&#8221;#FFFFFF&#8221; button_bg_color=&#8221;#e20020&#8243; button_border_width=&#8221;3px&#8221; button_border_color=&#8221;#e20020&#8243; button_border_radius=&#8221;42px&#8221; button_font=&#8221;|600|||||||&#8221; button_icon_placement=&#8221;right&#8221; button_alignment=&#8221;left&#8221; global_colors_info=&#8221;{}&#8221; sticky_transition=&#8221;on&#8221;]<\/p>\n<p><span>J\u00f3 h\u00edrnev\u00fcnk a siker\u00fcnk alapfelt\u00e9tele, ez\u00e9rt mindent meg kell tenn\u00fcnk, hogy a Plato SMG<br \/>n\u00e9v \u00f6sszeforrjon a j\u00f3 min\u0151s\u00e9g, nagy megb\u00edzhat\u00f3s\u00e1g, pontoss\u00e1g,<br \/>rugalmass\u00e1g, ig\u00e9nyess\u00e9g \u00e9s vev\u0151k\u00f6zpont\u00fas\u00e1g fogalmakkal. <\/span><\/p>\n<p>[\/et_pb_slide][et_pb_slide heading=&#8221;Dobozos fel\u00e9p\u00edtm\u00e9nyek&#8221; button_text=&#8221;Aj\u00e1nlatk\u00e9r\u00e9s&#8221; button_link=&#8221;https:\/\/platosmg.hu\/?page_id=20&#8243; use_bg_overlay=&#8221;on&#8221; bg_overlay_color=&#8221;rgba(10,6,6,0.64)&#8221; _builder_version=&#8221;4.23.1&#8243; _module_preset=&#8221;default&#8221; body_text_align=&#8221;left&#8221; body_font_size=&#8221;20px&#8221; background_image=&#8221;https:\/\/platosmg.hu\/wp-content\/uploads\/2024\/04\/FB_IMG_1704372257987.jpg&#8221; background_enable_image=&#8221;on&#8221; custom_button=&#8221;on&#8221; button_text_size=&#8221;22px&#8221; button_text_color=&#8221;#FFFFFF&#8221; button_bg_color=&#8221;#e20020&#8243; button_border_width=&#8221;3px&#8221; button_border_color=&#8221;#e20020&#8243; button_border_radius=&#8221;42px&#8221; button_font=&#8221;|600|||||||&#8221; button_icon_placement=&#8221;right&#8221; button_alignment=&#8221;left&#8221; global_colors_info=&#8221;{}&#8221; sticky_transition=&#8221;on&#8221;]<\/p>\n<p><span>J\u00f3 h\u00edrnev\u00fcnk a siker\u00fcnk alapfelt\u00e9tele, ez\u00e9rt mindent meg kell tenn\u00fcnk, hogy a Plato SMG<br \/>n\u00e9v \u00f6sszeforrjon a j\u00f3 min\u0151s\u00e9g, nagy megb\u00edzhat\u00f3s\u00e1g, pontoss\u00e1g,<br \/>rugalmass\u00e1g, ig\u00e9nyess\u00e9g \u00e9s vev\u0151k\u00f6zpont\u00fas\u00e1g fogalmakkal. <\/span><\/p>\n<p>[\/et_pb_slide][et_pb_slide heading=&#8221;Aut\u00f3ment\u0151 fel\u00e9p\u00edtm\u00e9nyek&#8221; button_text=&#8221;Aj\u00e1nlatk\u00e9r\u00e9s&#8221; button_link=&#8221;https:\/\/platosmg.hu\/?page_id=26&#8243; use_bg_overlay=&#8221;on&#8221; bg_overlay_color=&#8221;rgba(10,6,6,0.64)&#8221; _builder_version=&#8221;4.23.1&#8243; _module_preset=&#8221;default&#8221; body_text_align=&#8221;left&#8221; body_font_size=&#8221;20px&#8221; background_image=&#8221;https:\/\/platosmg.hu\/wp-content\/uploads\/2024\/04\/automento-slide.jpg&#8221; background_enable_image=&#8221;on&#8221; custom_button=&#8221;on&#8221; button_text_size=&#8221;22px&#8221; button_text_color=&#8221;#FFFFFF&#8221; button_bg_color=&#8221;#e20020&#8243; button_border_width=&#8221;3px&#8221; button_border_color=&#8221;#e20020&#8243; button_border_radius=&#8221;42px&#8221; button_font=&#8221;|600|||||||&#8221; button_icon_placement=&#8221;right&#8221; button_alignment=&#8221;left&#8221; global_colors_info=&#8221;{}&#8221; sticky_transition=&#8221;on&#8221;]<\/p>\n<p><span>J\u00f3 h\u00edrnev\u00fcnk a siker\u00fcnk alapfelt\u00e9tele, ez\u00e9rt mindent meg kell tenn\u00fcnk, hogy a Plato SMG<br \/>n\u00e9v \u00f6sszeforrjon a j\u00f3 min\u0151s\u00e9g, nagy megb\u00edzhat\u00f3s\u00e1g, pontoss\u00e1g,<br \/>rugalmass\u00e1g, ig\u00e9nyess\u00e9g \u00e9s vev\u0151k\u00f6zpont\u00fas\u00e1g fogalmakkal. <\/span><\/p>\n<p>[\/et_pb_slide][et_pb_slide heading=&#8221;Plat\u00f3 fel\u00e9p\u00edtm\u00e9nyek&#8221; button_text=&#8221;Aj\u00e1nlatk\u00e9r\u00e9s&#8221; button_link=&#8221;https:\/\/platosmg.hu\/?page_id=18&#8243; use_bg_overlay=&#8221;on&#8221; bg_overlay_color=&#8221;rgba(10,6,6,0.64)&#8221; _builder_version=&#8221;4.23.1&#8243; _module_preset=&#8221;default&#8221; body_text_align=&#8221;left&#8221; body_font_size=&#8221;20px&#8221; background_image=&#8221;https:\/\/platosmg.hu\/wp-content\/uploads\/2024\/04\/plato-slide.jpeg&#8221; background_enable_image=&#8221;on&#8221; custom_button=&#8221;on&#8221; button_text_size=&#8221;22px&#8221; button_text_color=&#8221;#FFFFFF&#8221; button_bg_color=&#8221;#e20020&#8243; button_border_width=&#8221;3px&#8221; button_border_color=&#8221;#e20020&#8243; button_border_radius=&#8221;42px&#8221; button_font=&#8221;|600|||||||&#8221; button_icon_placement=&#8221;right&#8221; button_alignment=&#8221;left&#8221; global_colors_info=&#8221;{}&#8221; sticky_transition=&#8221;on&#8221;]<\/p>\n<p><span>J\u00f3 h\u00edrnev\u00fcnk a siker\u00fcnk alapfelt\u00e9tele, ez\u00e9rt mindent meg kell tenn\u00fcnk, hogy a Plato SMG<br \/>n\u00e9v \u00f6sszeforrjon a j\u00f3 min\u0151s\u00e9g, nagy megb\u00edzhat\u00f3s\u00e1g, pontoss\u00e1g,<br \/>rugalmass\u00e1g, ig\u00e9nyess\u00e9g \u00e9s vev\u0151k\u00f6zpont\u00fas\u00e1g fogalmakkal. <\/span><\/p>\n<p>[\/et_pb_slide][\/et_pb_fullwidth_slider][\/et_pb_section][et_pb_section fb_built=&#8221;1&#8243; _builder_version=&#8221;4.22.1&#8243; _module_preset=&#8221;default&#8221; background_color=&#8221;#e20020&#8243; custom_padding=&#8221;||0px|||&#8221; global_colors_info=&#8221;{}&#8221;][et_pb_row column_structure=&#8221;3_4,1_4&#8243; _builder_version=&#8221;4.22.1&#8243; _module_preset=&#8221;default&#8221; width=&#8221;91%&#8221; max_width=&#8221;100%&#8221; custom_margin=&#8221;-49px|auto||auto||&#8221; custom_padding=&#8221;||18px|||&#8221; global_colors_info=&#8221;{}&#8221;][et_pb_column type=&#8221;3_4&#8243; _builder_version=&#8221;4.22.1&#8243; _module_preset=&#8221;default&#8221; global_colors_info=&#8221;{}&#8221;][et_pb_text _builder_version=&#8221;4.22.1&#8243; _module_preset=&#8221;default&#8221; header_text_color=&#8221;#FFFFFF&#8221; header_font_size=&#8221;18px&#8221; header_2_text_color=&#8221;#FFFFFF&#8221; header_2_font_size=&#8221;20px&#8221; custom_margin=&#8221;5px||||false|false&#8221; global_colors_info=&#8221;{}&#8221;]<\/p>\n<h2>A Plat\u00f3 SMG Kft. tev\u00e9kenys\u00e9ge meghat\u00e1roz\u00f3 elem\u00e9nek tekinti a min\u0151s\u00e9get, amit idekattintva \u00e9r el:<\/h2>\n<p>[\/et_pb_text][\/et_pb_column][et_pb_column type=&#8221;1_4&#8243; _builder_version=&#8221;4.22.1&#8243; _module_preset=&#8221;default&#8221; global_colors_info=&#8221;{}&#8221;][et_pb_button button_url=&#8221;https:\/\/platosmg.hu\/?page_id=42&#8243; url_new_window=&#8221;on&#8221; button_text=&#8221;Elolvasom&#8221; _builder_version=&#8221;4.22.1&#8243; _module_preset=&#8221;default&#8221; custom_button=&#8221;on&#8221; button_text_color=&#8221;#e20020&#8243; button_bg_color=&#8221;#FFFFFF&#8221; button_border_color=&#8221;#FFFFFF&#8221; button_border_radius=&#8221;39px&#8221; button_font=&#8221;|600|||||||&#8221; custom_margin=&#8221;-10px||||false|false&#8221; global_colors_info=&#8221;{}&#8221;][\/et_pb_button][\/et_pb_column][\/et_pb_row][\/et_pb_section][et_pb_section fb_built=&#8221;1&#8243; _builder_version=&#8221;4.22.1&#8243; _module_preset=&#8221;default&#8221; custom_padding=&#8221;||0px|||&#8221; global_colors_info=&#8221;{}&#8221;][et_pb_row _builder_version=&#8221;4.22.1&#8243; _module_preset=&#8221;default&#8221; max_width=&#8221;74%&#8221; global_colors_info=&#8221;{}&#8221;][et_pb_column type=&#8221;4_4&#8243; _builder_version=&#8221;4.22.1&#8243; _module_preset=&#8221;default&#8221; global_colors_info=&#8221;{}&#8221;][et_pb_text _builder_version=&#8221;4.22.1&#8243; _module_preset=&#8221;default&#8221; header_font=&#8221;|600||on|||||&#8221; header_text_align=&#8221;center&#8221; header_font_size=&#8221;35px&#8221; header_letter_spacing=&#8221;1px&#8221; custom_margin=&#8221;||-17px|||&#8221; header_text_shadow_style=&#8221;preset2&#8243; header_text_shadow_horizontal_length=&#8221;0.05em&#8221; header_text_shadow_vertical_length=&#8221;0.05em&#8221; global_colors_info=&#8221;{}&#8221;]<\/p>\n<h1 style=\"text-align: left;\">C\u00c9G\u00dcNK<\/h1>\n<p>[\/et_pb_text][\/et_pb_column][\/et_pb_row][et_pb_row column_structure=&#8221;3_5,2_5&#8243; _builder_version=&#8221;4.22.1&#8243; _module_preset=&#8221;default&#8221; max_width=&#8221;74%&#8221; global_colors_info=&#8221;{}&#8221;][et_pb_column type=&#8221;3_5&#8243; _builder_version=&#8221;4.22.1&#8243; _module_preset=&#8221;default&#8221; global_colors_info=&#8221;{}&#8221;][et_pb_text _builder_version=&#8221;4.22.1&#8243; _module_preset=&#8221;default&#8221; text_text_color=&#8221;#000000&#8243; text_font_size=&#8221;18px&#8221; text_orientation=&#8221;justified&#8221; custom_margin=&#8221;||19px|||&#8221; global_colors_info=&#8221;{}&#8221;]<\/p>\n<div class=\"text\">Plat\u00f3 SMG Kft. 2000. augusztus\u00e1ban kezdte meg m\u0171k\u00f6d\u00e9s\u00e9t, mint j\u00e1rm\u0171- \u00e9s g\u00e9pipari tervez\u00e9sre \u00e9s gy\u00e1rt\u00e1sra szakosodott v\u00e1llalkoz\u00e1s. Termel\u00e9si kapacit\u00e1sunk \u00e9vente 200-250 j\u00e1rm\u0171 \u00e1talak\u00edt\u00e1s\u00e1t teszi lehet\u0151v\u00e9. 500 m2-es ter\u00fcleten szakmailag j\u00f3l k\u00e9pzett munkat\u00e1rsakkal igyeksz\u00fcnk vev\u0151ink ig\u00e9nyeit maxim\u00e1lisan kiel\u00e9g\u00edteni.<\/div>\n<div class=\"bold-text\"><\/div>\n<p>[\/et_pb_text][et_pb_text _builder_version=&#8221;4.22.1&#8243; _module_preset=&#8221;default&#8221; text_text_color=&#8221;#000000&#8243; text_font_size=&#8221;18px&#8221; text_orientation=&#8221;justified&#8221; custom_margin=&#8221;||19px|||&#8221; global_colors_info=&#8221;{}&#8221;]<\/p>\n<div class=\"text\">Szolg\u00e1ltat\u00f3 tev\u00e9kenys\u00e9g\u00fcnk keret\u00e9ben gondoskodunk a teherg\u00e9pj\u00e1rm\u0171vek, illetve a p\u00f3tkocsik forgalomba helyez\u00e9s\u00e9hez, \u00fczemeltet\u00e9s\u00e9hez, kezel\u00e9s\u00e9hez kapcsol\u00f3d\u00f3 ig\u00e9nyek kiel\u00e9g\u00edt\u00e9s\u00e9r\u0151l is, \u00fagymint jav\u00edt\u00e1s, fel\u00faj\u00edt\u00e1s, valamint m\u0171szaki hat\u00f3s\u00e1gi enged\u00e9lyeztet\u00e9s \u00e9s vizsg\u00e1ztat\u00e1s.<\/div>\n<div class=\"bold-text\"><\/div>\n<p>[\/et_pb_text][\/et_pb_column][et_pb_column type=&#8221;2_5&#8243; _builder_version=&#8221;4.22.1&#8243; _module_preset=&#8221;default&#8221; global_colors_info=&#8221;{}&#8221;][et_pb_image src=&#8221;https:\/\/platosmg.hu\/wp-content\/uploads\/2023\/08\/cegbemutato-mellefooldalra-melle-copy.jpg&#8221; title_text=&#8221;c\u00e9gbemutat\u00f3 mell\u00e9+f\u0151oldalra mell\u00e9 copy&#8221; _builder_version=&#8221;4.22.1&#8243; _module_preset=&#8221;default&#8221; custom_margin=&#8221;-6px|||||&#8221; custom_padding=&#8221;11px|||||&#8221; box_shadow_style=&#8221;preset3&#8243; global_colors_info=&#8221;{}&#8221;][\/et_pb_image][\/et_pb_column][\/et_pb_row][\/et_pb_section][et_pb_section fb_built=&#8221;1&#8243; _builder_version=&#8221;4.22.1&#8243; _module_preset=&#8221;default&#8221; custom_padding=&#8221;7px|||||&#8221; global_colors_info=&#8221;{}&#8221;][et_pb_row _builder_version=&#8221;4.22.1&#8243; _module_preset=&#8221;default&#8221; max_width=&#8221;74%&#8221; global_colors_info=&#8221;{}&#8221;][et_pb_column type=&#8221;4_4&#8243; _builder_version=&#8221;4.22.1&#8243; _module_preset=&#8221;default&#8221; global_colors_info=&#8221;{}&#8221;][et_pb_text _builder_version=&#8221;4.22.1&#8243; _module_preset=&#8221;default&#8221; header_font=&#8221;|600||on|||||&#8221; header_text_align=&#8221;center&#8221; header_font_size=&#8221;35px&#8221; header_letter_spacing=&#8221;1px&#8221; custom_margin=&#8221;||-17px|||&#8221; header_text_shadow_style=&#8221;preset2&#8243; header_text_shadow_horizontal_length=&#8221;0.05em&#8221; header_text_shadow_vertical_length=&#8221;0.05em&#8221; global_colors_info=&#8221;{}&#8221;]<\/p>\n<h1 style=\"text-align: left;\">MIN\u0150S\u00c9GPOLITIKA<\/h1>\n<p>[\/et_pb_text][\/et_pb_column][\/et_pb_row][et_pb_row _builder_version=&#8221;4.22.1&#8243; _module_preset=&#8221;default&#8221; max_width=&#8221;74%&#8221; global_colors_info=&#8221;{}&#8221;][et_pb_column type=&#8221;4_4&#8243; _builder_version=&#8221;4.22.1&#8243; _module_preset=&#8221;default&#8221; global_colors_info=&#8221;{}&#8221;][et_pb_text _builder_version=&#8221;4.22.1&#8243; _module_preset=&#8221;default&#8221; text_text_color=&#8221;#000000&#8243; text_font_size=&#8221;18px&#8221; text_orientation=&#8221;justified&#8221; custom_margin=&#8221;||19px|||&#8221; global_colors_info=&#8221;{}&#8221;]<\/p>\n<div class=\"text\">A Plat\u00f3 SMG Kft. els\u0151dleges c\u00e9lj\u00e1nak tekinti megb\u00edz\u00f3i ig\u00e9nyeinek teljes k\u00f6r\u0171 kiel\u00e9g\u00edt\u00e9s\u00e9t, mert hossz\u00fa t\u00e1von akarunk megfelelni megb\u00edz\u00f3ink elv\u00e1r\u00e1sainak.<\/div>\n<div class=\"bold-text\"><\/div>\n<p>[\/et_pb_text][et_pb_text _builder_version=&#8221;4.27.0&#8243; _module_preset=&#8221;default&#8221; text_text_color=&#8221;#000000&#8243; text_font_size=&#8221;18px&#8221; text_orientation=&#8221;justified&#8221; custom_margin=&#8221;||19px|||&#8221; hover_enabled=&#8221;0&#8243; global_colors_info=&#8221;{}&#8221; sticky_enabled=&#8221;0&#8243;]<\/p>\n<div class=\"text\"><span>C\u00e9g\u00fcnk vezet\u0151i \u00e9s munkat\u00e1rsai egyar\u00e1nt elk\u00f6telezettek az MSZ EN ISO 9001:2015 szabv\u00e1ny k\u00f6vetelm\u00e9nyeinek megfelel\u0151en kialak\u00edtott Min\u0151s\u00e9gir\u00e1ny\u00edt\u00e1si Rendszer hat\u00e9kony m\u0171k\u00f6dtet\u00e9se \u00e9s folyamatosan tov\u00e1bbfejleszt\u00e9se ir\u00e1nt.<\/span><\/div>\n<div class=\"bold-text\"><\/div>\n<p>[\/et_pb_text][\/et_pb_column][\/et_pb_row][et_pb_row column_structure=&#8221;1_4,1_4,1_4,1_4&#8243; _builder_version=&#8221;4.22.1&#8243; _module_preset=&#8221;default&#8221; max_width=&#8221;74%&#8221; global_colors_info=&#8221;{}&#8221;][et_pb_column type=&#8221;1_4&#8243; _builder_version=&#8221;4.22.1&#8243; _module_preset=&#8221;default&#8221; global_colors_info=&#8221;{}&#8221;][et_pb_image src=&#8221;https:\/\/platosmg.hu\/wp-content\/uploads\/2023\/08\/truck-1.png&#8221; title_text=&#8221;truck (1)&#8221; align=&#8221;center&#8221; _builder_version=&#8221;4.22.1&#8243; _module_preset=&#8221;default&#8221; global_colors_info=&#8221;{}&#8221;][\/et_pb_image][\/et_pb_column][et_pb_column type=&#8221;1_4&#8243; _builder_version=&#8221;4.22.1&#8243; _module_preset=&#8221;default&#8221; global_colors_info=&#8221;{}&#8221;][et_pb_image src=&#8221;https:\/\/platosmg.hu\/wp-content\/uploads\/2023\/08\/clipboard-2.png&#8221; title_text=&#8221;clipboard (2)&#8221; align=&#8221;center&#8221; _builder_version=&#8221;4.22.1&#8243; _module_preset=&#8221;default&#8221; global_colors_info=&#8221;{}&#8221;][\/et_pb_image][\/et_pb_column][et_pb_column type=&#8221;1_4&#8243; _builder_version=&#8221;4.22.1&#8243; _module_preset=&#8221;default&#8221; global_colors_info=&#8221;{}&#8221;][et_pb_image src=&#8221;https:\/\/platosmg.hu\/wp-content\/uploads\/2023\/08\/warranty-1.png&#8221; title_text=&#8221;warranty (1)&#8221; align=&#8221;center&#8221; _builder_version=&#8221;4.22.1&#8243; _module_preset=&#8221;default&#8221; global_colors_info=&#8221;{}&#8221;][\/et_pb_image][\/et_pb_column][et_pb_column type=&#8221;1_4&#8243; _builder_version=&#8221;4.22.1&#8243; _module_preset=&#8221;default&#8221; global_colors_info=&#8221;{}&#8221;][et_pb_image src=&#8221;https:\/\/platosmg.hu\/wp-content\/uploads\/2023\/08\/worldwide.png&#8221; title_text=&#8221;worldwide&#8221; align=&#8221;center&#8221; _builder_version=&#8221;4.22.1&#8243; _module_preset=&#8221;default&#8221; global_colors_info=&#8221;{}&#8221;][\/et_pb_image][\/et_pb_column][\/et_pb_row][et_pb_row _builder_version=&#8221;4.22.1&#8243; _module_preset=&#8221;default&#8221; max_width=&#8221;74%&#8221; global_colors_info=&#8221;{}&#8221;][et_pb_column type=&#8221;4_4&#8243; _builder_version=&#8221;4.22.1&#8243; _module_preset=&#8221;default&#8221; global_colors_info=&#8221;{}&#8221;][et_pb_toggle title=&#8221;Milyen adatok kellenek a pontos aj\u00e1nlathoz?&#8221; open_toggle_text_color=&#8221;#FFFFFF&#8221; open_toggle_background_color=&#8221;#E02B20&#8243; closed_toggle_text_color=&#8221;#FFFFFF&#8221; closed_toggle_background_color=&#8221;#E02B20&#8243; icon_color=&#8221;#FFFFFF&#8221; toggle_icon=&#8221;&#x3b;||divi||400&#8243; use_icon_font_size=&#8221;on&#8221; icon_font_size=&#8221;30px&#8221; open_icon_color=&#8221;#FFFFFF&#8221; open_toggle_icon=&#8221;&#x3a;||divi||400&#8243; open_use_icon_font_size=&#8221;on&#8221; open_icon_font_size=&#8221;30px&#8221; _builder_version=&#8221;4.22.1&#8243; _module_preset=&#8221;default&#8221; title_text_color=&#8221;#FFFFFF&#8221; title_font_size=&#8221;20px&#8221; closed_title_font_size=&#8221;20px&#8221; body_text_color=&#8221;#FFFFFF&#8221; body_font_size=&#8221;17px&#8221; global_colors_info=&#8221;{}&#8221;]<\/p>\n<p>Az aj\u00e1nlatk\u00e9r\u00e9shez Az al\u00e1bbi adatok sz\u00fcks\u00e9gesek:<br \/>C\u00e9gn\u00e9v, Kapcsolattart\u00f3 szem\u00e9ly neve, el\u00e9rhet\u0151s\u00e9gei, teherg\u00e9pj\u00e1rm\u0171 adatai, t\u00edpusa, m\u00e9retei, a tervezett<br \/>fel\u00e9p\u00edtm\u00e9ny m\u00e9retei (hossz\u00fas\u00e1g, sz\u00e9less\u00e9g, magass\u00e1g)<\/p>\n<p>[\/et_pb_toggle][et_pb_toggle title=&#8221;Mennyi ideig tart a fel\u00e9p\u00edtm\u00e9ny tervez\u00e9se?&#8221; open_toggle_text_color=&#8221;#FFFFFF&#8221; open_toggle_background_color=&#8221;#000000&#8243; closed_toggle_text_color=&#8221;#FFFFFF&#8221; closed_toggle_background_color=&#8221;#000000&#8243; icon_color=&#8221;#FFFFFF&#8221; toggle_icon=&#8221;&#x3b;||divi||400&#8243; use_icon_font_size=&#8221;on&#8221; icon_font_size=&#8221;30px&#8221; open_icon_color=&#8221;#FFFFFF&#8221; open_toggle_icon=&#8221;&#x3a;||divi||400&#8243; open_use_icon_font_size=&#8221;on&#8221; open_icon_font_size=&#8221;30px&#8221; _builder_version=&#8221;4.22.1&#8243; _module_preset=&#8221;default&#8221; title_text_color=&#8221;#FFFFFF&#8221; title_font_size=&#8221;20px&#8221; closed_title_font_size=&#8221;20px&#8221; body_text_color=&#8221;#FFFFFF&#8221; body_font_size=&#8221;17px&#8221; global_colors_info=&#8221;{}&#8221;]<\/p>\n<p>Az egyeztet\u00e9sek ut\u00e1n, a fel\u00e9p\u00edtm\u00e9ny tervez\u00e9se \u00e1ltal\u00e1ban 1-2 hetet vesz ig\u00e9nybe.<\/p>\n<p>[\/et_pb_toggle][et_pb_toggle title=&#8221;Mennyi garanci\u00e1t adunk a fel\u00e9p\u00edtm\u00e9nyekre?&#8221; open_toggle_text_color=&#8221;#FFFFFF&#8221; open_toggle_background_color=&#8221;#E02B20&#8243; closed_toggle_text_color=&#8221;#FFFFFF&#8221; closed_toggle_background_color=&#8221;#E02B20&#8243; icon_color=&#8221;#FFFFFF&#8221; toggle_icon=&#8221;&#x3b;||divi||400&#8243; use_icon_font_size=&#8221;on&#8221; icon_font_size=&#8221;30px&#8221; open_icon_color=&#8221;#FFFFFF&#8221; open_toggle_icon=&#8221;&#x3a;||divi||400&#8243; open_use_icon_font_size=&#8221;on&#8221; open_icon_font_size=&#8221;30px&#8221; _builder_version=&#8221;4.22.1&#8243; _module_preset=&#8221;default&#8221; title_text_color=&#8221;#FFFFFF&#8221; title_font_size=&#8221;20px&#8221; closed_title_font_size=&#8221;20px&#8221; body_text_color=&#8221;#FFFFFF&#8221; body_font_size=&#8221;17px&#8221; global_colors_info=&#8221;{}&#8221;]<\/p>\n<p>Az \u00e1ltalunk gy\u00e1rtott fel\u00e9p\u00edtm\u00e9nyekre a jogszab\u00e1lyi el\u0151\u00edr\u00e1soknak megfelel\u0151en 24 h\u00f3napot biztos\u00edtunk.<\/p>\n<p>[\/et_pb_toggle][\/et_pb_column][\/et_pb_row][\/et_pb_section]<\/p>\n","protected":false},"excerpt":{"rendered":"<p>J\u00f3 h\u00edrnev\u00fcnk a siker\u00fcnk alapfelt\u00e9tele, ez\u00e9rt mindent meg kell tenn\u00fcnk, hogy a Plato SMGn\u00e9v \u00f6sszeforrjon a j\u00f3 min\u0151s\u00e9g, nagy megb\u00edzhat\u00f3s\u00e1g, pontoss\u00e1g,rugalmass\u00e1g, ig\u00e9nyess\u00e9g \u00e9s vev\u0151k\u00f6zpont\u00fas\u00e1g fogalmakkal. J\u00f3 h\u00edrnev\u00fcnk a siker\u00fcnk alapfelt\u00e9tele, ez\u00e9rt mindent meg kell tenn\u00fcnk, hogy a Plato SMGn\u00e9v \u00f6sszeforrjon a j\u00f3 min\u0151s\u00e9g, nagy megb\u00edzhat\u00f3s\u00e1g, pontoss\u00e1g,rugalmass\u00e1g, ig\u00e9nyess\u00e9g \u00e9s vev\u0151k\u00f6zpont\u00fas\u00e1g fogalmakkal. J\u00f3 h\u00edrnev\u00fcnk a siker\u00fcnk alapfelt\u00e9tele, [&hellip;]<\/p>\n","protected":false},"author":1,"featured_media":0,"parent":0,"menu_order":0,"comment_status":"closed","ping_status":"open","template":"","meta":{"_et_pb_use_builder":"on","_et_pb_old_content":"<!-- wp:paragraph -->\n<p>This is an example page. It's different from a blog post because it will stay in one place and will show up in your site navigation (in most themes). Most people start with an About page that introduces them to potential site visitors. It might say something like this:<\/p>\n<!-- \/wp:paragraph -->\n\n<!-- wp:quote -->\n<blockquote class=\"wp-block-quote\"><!-- wp:paragraph -->\n<p>Hi there! I'm a bike messenger by day, aspiring actor by night, and this is my website. I live in Los Angeles, have a great dog named Jack, and I like pi\u00f1a coladas. (And gettin' caught in the rain.)<\/p>\n<!-- \/wp:paragraph --><\/blockquote>\n<!-- \/wp:quote -->\n\n<!-- wp:paragraph -->\n<p>...or something like this:<\/p>\n<!-- \/wp:paragraph -->\n\n<!-- wp:quote -->\n<blockquote class=\"wp-block-quote\"><!-- wp:paragraph -->\n<p>The XYZ Doohickey Company was founded in 1971, and has been providing quality doohickeys to the public ever since. Located in Gotham City, XYZ employs over 2,000 people and does all kinds of awesome things for the Gotham community.<\/p>\n<!-- \/wp:paragraph --><\/blockquote>\n<!-- \/wp:quote -->\n\n<!-- wp:paragraph -->\n<p>As a new WordPress user, you should go to <a href=\"https:\/\/platosmg.hu\/wp-admin\/\">your dashboard<\/a> to delete this page and create new pages for your content. Have fun!<\/p>\n<!-- \/wp:paragraph -->","_et_gb_content_width":"","footnotes":""},"class_list":["post-2","page","type-page","status-publish","hentry"],"_links":{"self":[{"href":"https:\/\/platosmg.hu\/index.php?rest_route=\/wp\/v2\/pages\/2","targetHints":{"allow":["GET"]}}],"collection":[{"href":"https:\/\/platosmg.hu\/index.php?rest_route=\/wp\/v2\/pages"}],"about":[{"href":"https:\/\/platosmg.hu\/index.php?rest_route=\/wp\/v2\/types\/page"}],"author":[{"embeddable":true,"href":"https:\/\/platosmg.hu\/index.php?rest_route=\/wp\/v2\/users\/1"}],"replies":[{"embeddable":true,"href":"https:\/\/platosmg.hu\/index.php?rest_route=%2Fwp%2Fv2%2Fcomments&post=2"}],"version-history":[{"count":27,"href":"https:\/\/platosmg.hu\/index.php?rest_route=\/wp\/v2\/pages\/2\/revisions"}],"predecessor-version":[{"id":1724,"href":"https:\/\/platosmg.hu\/index.php?rest_route=\/wp\/v2\/pages\/2\/revisions\/1724"}],"wp:attachment":[{"href":"https:\/\/platosmg.hu\/index.php?rest_route=%2Fwp%2Fv2%2Fmedia&parent=2"}],"curies":[{"name":"wp","href":"https:\/\/api.w.org\/{rel}","templated":true}]}}