{"id":24,"date":"2023-08-29T12:28:37","date_gmt":"2023-08-29T12:28:37","guid":{"rendered":"https:\/\/platosmg.hu\/?page_id=24"},"modified":"2026-02-26T13:36:01","modified_gmt":"2026-02-26T13:36:01","slug":"billencs","status":"publish","type":"page","link":"https:\/\/platosmg.hu\/?page_id=24","title":{"rendered":"Billencs"},"content":{"rendered":"<p>[et_pb_section fb_built=&#8221;1&#8243; _builder_version=&#8221;4.22.1&#8243; _module_preset=&#8221;default&#8221; global_colors_info=&#8221;{}&#8221;][et_pb_row column_structure=&#8221;1_2,1_2&#8243; use_custom_gutter=&#8221;on&#8221; gutter_width=&#8221;1&#8243; _builder_version=&#8221;4.22.1&#8243; _module_preset=&#8221;default&#8221; width=&#8221;95%&#8221; max_width=&#8221;100%&#8221; custom_padding=&#8221;0px||0px||true|false&#8221; global_colors_info=&#8221;{}&#8221;][et_pb_column type=&#8221;1_2&#8243; _builder_version=&#8221;4.22.1&#8243; _module_preset=&#8221;default&#8221; global_colors_info=&#8221;{}&#8221;][et_pb_text _builder_version=&#8221;4.22.1&#8243; _module_preset=&#8221;default&#8221; text_text_color=&#8221;#000000&#8243; text_font_size=&#8221;20px&#8221; custom_margin=&#8221;0px||0px||true|false&#8221; custom_padding=&#8221;0px||0px||true|false&#8221; global_colors_info=&#8221;{}&#8221;]<\/p>\n<p>H\u0171t\u0151 fel\u00e9p\u00edtm\u00e9ny<\/p>\n<p>[\/et_pb_text][et_pb_icon font_icon=&#8221;&#x38;||divi||400&#8243; icon_width=&#8221;45px&#8221; url=&#8221;https:\/\/platosmg.hu\/?page_id=22&#8243; align=&#8221;left&#8221; _builder_version=&#8221;4.22.1&#8243; _module_preset=&#8221;default&#8221; custom_margin=&#8221;||10px||false|false&#8221; global_colors_info=&#8221;{}&#8221;][\/et_pb_icon][\/et_pb_column][et_pb_column type=&#8221;1_2&#8243; _builder_version=&#8221;4.22.1&#8243; _module_preset=&#8221;default&#8221; global_colors_info=&#8221;{}&#8221;][et_pb_text _builder_version=&#8221;4.22.1&#8243; _module_preset=&#8221;default&#8221; text_text_color=&#8221;#000000&#8243; text_font_size=&#8221;20px&#8221; custom_margin=&#8221;0px||0px||true|false&#8221; custom_padding=&#8221;0px||0px||true|false&#8221; global_colors_info=&#8221;{}&#8221;]<\/p>\n<p style=\"text-align: right;\">Aut\u00f3ment\u0151<\/p>\n<p>[\/et_pb_text][et_pb_icon font_icon=&#8221;&#x39;||divi||400&#8243; icon_width=&#8221;45px&#8221; url=&#8221;https:\/\/platosmg.hu\/?page_id=26&#8243; align=&#8221;right&#8221; _builder_version=&#8221;4.22.1&#8243; _module_preset=&#8221;default&#8221; custom_margin=&#8221;||10px||false|false&#8221; global_colors_info=&#8221;{}&#8221;][\/et_pb_icon][\/et_pb_column][\/et_pb_row][et_pb_row column_structure=&#8221;1_2,1_2&#8243; _builder_version=&#8221;4.22.1&#8243; _module_preset=&#8221;default&#8221; custom_padding=&#8221;0px||||false|false&#8221; global_colors_info=&#8221;{}&#8221;][et_pb_column type=&#8221;1_2&#8243; _builder_version=&#8221;4.22.1&#8243; _module_preset=&#8221;default&#8221; global_colors_info=&#8221;{}&#8221;][et_pb_text _builder_version=&#8221;4.22.1&#8243; _module_preset=&#8221;default&#8221; header_font=&#8221;|600||on|||||&#8221; header_text_align=&#8221;center&#8221; header_font_size=&#8221;35px&#8221; header_letter_spacing=&#8221;1px&#8221; global_colors_info=&#8221;{}&#8221;]<\/p>\n<h2 style=\"text-align: center;\">BILLENCS<\/h2>\n<p>[\/et_pb_text][\/et_pb_column][et_pb_column type=&#8221;1_2&#8243; _builder_version=&#8221;4.22.1&#8243; _module_preset=&#8221;default&#8221; global_colors_info=&#8221;{}&#8221;][\/et_pb_column][\/et_pb_row][et_pb_row column_structure=&#8221;3_5,2_5&#8243; use_custom_gutter=&#8221;on&#8221; _builder_version=&#8221;4.22.1&#8243; _module_preset=&#8221;default&#8221; width=&#8221;90%&#8221; max_width=&#8221;90%&#8221; global_colors_info=&#8221;{}&#8221;][et_pb_column type=&#8221;3_5&#8243; _builder_version=&#8221;4.22.1&#8243; _module_preset=&#8221;default&#8221; global_colors_info=&#8221;{}&#8221;][et_pb_text _builder_version=&#8221;4.22.1&#8243; _module_preset=&#8221;default&#8221; text_font_size=&#8221;18px&#8221; text_line_height=&#8221;1.9em&#8221; global_colors_info=&#8221;{}&#8221;]<\/p>\n<p><span>Billen\u0151plat\u00f3s fel\u00e9p\u00edtm\u00e9nyeink h\u00e1tra vagy 3 ir\u00e1nyban billenthet\u0151ek. A j\u00e1rm\u0171 teherb\u00edr\u00e1s\u00e1t\u00f3l f\u00fcgg\u0151en a hidraulikarendszer a j\u00e1rm\u0171 akkumul\u00e1tor\u00e1r\u00f3l elektrohidraulikus t\u00e1pegys\u00e9ggel, vagy a j\u00e1rm\u0171motorr\u00f3l a seg\u00e9dhajt\u00e1son kereszt\u00fcl m\u0171k\u00f6dtetett.<\/span><\/p>\n<p><span>A billen\u0151plat\u00f3 oldalfala a sz\u00e1ll\u00edtott anyagnak megfelel\u0151en h\u00fazott elox\u00e1lt alum\u00edniumprofilb\u00f3l illetve fel\u00fcletkezelt ac\u00e9lb\u00f3l k\u00e9sz\u00fcl. A padl\u00f3 anyaga ig\u00e9ny szerint nagy kop\u00e1s\u00e1ll\u00f3s\u00e1g\u00fa r\u00e9tegelt kem\u00e9nyfalemez padl\u00f3, vagy ac\u00e9llemez padl\u00f3. Speci\u00e1lis kivitelben \u00e9p\u00edt\u00fcnk t\u00f6bbek k\u00f6z\u00f6tt gabonasz\u00e1ll\u00edt\u00f3 billen\u0151plat\u00f3 fel\u00e9p\u00edtm\u00e9nyeket is, melyeket k\u00edv\u00e1ns\u00e1gra oldalfal magas\u00edt\u00f3kkal is felszerel\u00fcnk. Az ily m\u00f3don k\u00e9sz\u00edtett fel\u00e9p\u00edtm\u00e9ny felszerelhet\u0151 k\u00e9zi m\u0171k\u00f6dtet\u00e9s\u0171, vagy automatikusan m\u0171k\u00f6dtetett teker\u0151ponyva rendszerrel. Az ajt\u00f3k nyit\u00e1sa t\u00f6rt\u00e9nhet k\u00e9zzel, pneumatikusan, illetve hidraulikahenger seg\u00edts\u00e9g\u00e9vel.<\/span><\/p>\n<p><span>K\u00edn\u00e1latunkban szerepelnek tov\u00e1bb\u00e1 daruval szerelt billen\u0151plat\u00f3s fel\u00e9p\u00edtm\u00e9nyek, melyek kompakt kivitel\u00fcknek k\u00f6sz\u00f6nhet\u0151en alkalmasak t\u00f6bb \u00e9p\u00edt\u0151ipari feladat egy\u00fcttes elv\u00e9gz\u00e9s\u00e9re is.<\/span><\/p>\n<p>[\/et_pb_text][\/et_pb_column][et_pb_column type=&#8221;2_5&#8243; _builder_version=&#8221;4.22.1&#8243; _module_preset=&#8221;default&#8221; global_colors_info=&#8221;{}&#8221;][et_pb_image src=&#8221;https:\/\/platosmg.hu\/wp-content\/uploads\/2025\/05\/1000013441.jpg&#8221; title_text=&#8221;1000013441&#8243; _builder_version=&#8221;4.27.0&#8243; _module_preset=&#8221;default&#8221; global_colors_info=&#8221;{}&#8221;][\/et_pb_image][\/et_pb_column][\/et_pb_row][\/et_pb_section][et_pb_section fb_built=&#8221;1&#8243; _builder_version=&#8221;4.22.1&#8243; _module_preset=&#8221;default&#8221; custom_padding=&#8221;2px|||||&#8221; global_colors_info=&#8221;{}&#8221;][et_pb_row use_custom_gutter=&#8221;on&#8221; _builder_version=&#8221;4.22.1&#8243; _module_preset=&#8221;default&#8221; width=&#8221;90%&#8221; max_width=&#8221;90%&#8221; global_colors_info=&#8221;{}&#8221;][et_pb_column type=&#8221;4_4&#8243; _builder_version=&#8221;4.22.1&#8243; _module_preset=&#8221;default&#8221; global_colors_info=&#8221;{}&#8221;][et_pb_text _builder_version=&#8221;4.22.1&#8243; _module_preset=&#8221;default&#8221; header_font=&#8221;|600||on|||||&#8221; header_text_align=&#8221;center&#8221; header_font_size=&#8221;35px&#8221; header_letter_spacing=&#8221;1px&#8221; global_colors_info=&#8221;{}&#8221;]<\/p>\n<h1>Referencia k\u00e9pek<\/h1>\n<p>[\/et_pb_text][et_pb_text _builder_version=&#8221;4.24.3&#8243; _module_preset=&#8221;default&#8221; text_font_size=&#8221;18px&#8221; text_line_height=&#8221;1.9em&#8221; global_colors_info=&#8221;{}&#8221;]<\/p>\n<p style=\"text-align: center;\">Billencs fel\u00e9p\u00edtm\u00e9nyek<\/p>\n<p>[\/et_pb_text][et_pb_gallery gallery_ids=&#8221;1855,1852,1853,1854,1851,1848,1849,1850,1824,1825,1826,1827,1819,1820,1821,1822,1789,1790,1785,1786,1787,1788,1708,1709,1710,1711,1685,1686,1687,1688,1689,1690,1691,1663,1664,1659,1660,1661,1662,1650,1645,1646,1648,1647,1649,1623,1624,1622,1625,1596,1593,1594,1595,1587,1588,1589,1590,1591,1568,1569,1570,1522,1523,1524,1525,1493,1494,1380,1240,1241,1242,1379,1378,1386,1387,1388,1381,1382,1383,1239,1389,1377,1385,1384,1020,1021,1022,1023,1024,1025,1026,1027,1028,1029,1030,1031,1032,1033,1034,1035,1036,1037,1038,1039,1040,1041,1042,1043,1044,1045,1048,1049,1051,1052,1055,1056,1057,1058,1059,1060,1061,1062,1063,1064,1065,1066,1070,1071,1072,1075&#8243; posts_number=&#8221;200&#8243; show_title_and_caption=&#8221;off&#8221; show_pagination=&#8221;off&#8221; _builder_version=&#8221;4.27.0&#8243; _module_preset=&#8221;default&#8221; hover_enabled=&#8221;0&#8243; global_colors_info=&#8221;{}&#8221; sticky_enabled=&#8221;0&#8243;][\/et_pb_gallery][\/et_pb_column][\/et_pb_row][\/et_pb_section]<\/p>\n","protected":false},"excerpt":{"rendered":"<p>H\u0171t\u0151 fel\u00e9p\u00edtm\u00e9nyAut\u00f3ment\u0151BILLENCSBillen\u0151plat\u00f3s fel\u00e9p\u00edtm\u00e9nyeink h\u00e1tra vagy 3 ir\u00e1nyban billenthet\u0151ek. A j\u00e1rm\u0171 teherb\u00edr\u00e1s\u00e1t\u00f3l f\u00fcgg\u0151en a hidraulikarendszer a j\u00e1rm\u0171 akkumul\u00e1tor\u00e1r\u00f3l elektrohidraulikus t\u00e1pegys\u00e9ggel, vagy a j\u00e1rm\u0171motorr\u00f3l a seg\u00e9dhajt\u00e1son kereszt\u00fcl m\u0171k\u00f6dtetett. A billen\u0151plat\u00f3 oldalfala a sz\u00e1ll\u00edtott anyagnak megfelel\u0151en h\u00fazott elox\u00e1lt alum\u00edniumprofilb\u00f3l illetve fel\u00fcletkezelt ac\u00e9lb\u00f3l k\u00e9sz\u00fcl. A padl\u00f3 anyaga ig\u00e9ny szerint nagy kop\u00e1s\u00e1ll\u00f3s\u00e1g\u00fa r\u00e9tegelt kem\u00e9nyfalemez padl\u00f3, vagy ac\u00e9llemez padl\u00f3. Speci\u00e1lis kivitelben [&hellip;]<\/p>\n","protected":false},"author":1,"featured_media":0,"parent":0,"menu_order":0,"comment_status":"closed","ping_status":"closed","template":"","meta":{"_et_pb_use_builder":"on","_et_pb_old_content":"<!-- wp:divi\/placeholder \/-->","_et_gb_content_width":"","footnotes":""},"class_list":["post-24","page","type-page","status-publish","hentry"],"_links":{"self":[{"href":"https:\/\/platosmg.hu\/index.php?rest_route=\/wp\/v2\/pages\/24","targetHints":{"allow":["GET"]}}],"collection":[{"href":"https:\/\/platosmg.hu\/index.php?rest_route=\/wp\/v2\/pages"}],"about":[{"href":"https:\/\/platosmg.hu\/index.php?rest_route=\/wp\/v2\/types\/page"}],"author":[{"embeddable":true,"href":"https:\/\/platosmg.hu\/index.php?rest_route=\/wp\/v2\/users\/1"}],"replies":[{"embeddable":true,"href":"https:\/\/platosmg.hu\/index.php?rest_route=%2Fwp%2Fv2%2Fcomments&post=24"}],"version-history":[{"count":27,"href":"https:\/\/platosmg.hu\/index.php?rest_route=\/wp\/v2\/pages\/24\/revisions"}],"predecessor-version":[{"id":1856,"href":"https:\/\/platosmg.hu\/index.php?rest_route=\/wp\/v2\/pages\/24\/revisions\/1856"}],"wp:attachment":[{"href":"https:\/\/platosmg.hu\/index.php?rest_route=%2Fwp%2Fv2%2Fmedia&parent=24"}],"curies":[{"name":"wp","href":"https:\/\/api.w.org\/{rel}","templated":true}]}}