{"id":28,"date":"2023-08-29T12:29:51","date_gmt":"2023-08-29T12:29:51","guid":{"rendered":"https:\/\/platosmg.hu\/?page_id=28"},"modified":"2025-01-30T12:04:39","modified_gmt":"2025-01-30T12:04:39","slug":"hoszigetelt-furgon","status":"publish","type":"page","link":"https:\/\/platosmg.hu\/?page_id=28","title":{"rendered":"H\u0151szigetelt furgon"},"content":{"rendered":"<p>[et_pb_section fb_built=&#8221;1&#8243; _builder_version=&#8221;4.22.1&#8243; _module_preset=&#8221;default&#8221; global_colors_info=&#8221;{}&#8221;][et_pb_row column_structure=&#8221;1_2,1_2&#8243; use_custom_gutter=&#8221;on&#8221; gutter_width=&#8221;1&#8243; _builder_version=&#8221;4.22.1&#8243; _module_preset=&#8221;default&#8221; width=&#8221;95%&#8221; max_width=&#8221;100%&#8221; custom_padding=&#8221;0px||0px||true|false&#8221; global_colors_info=&#8221;{}&#8221;][et_pb_column type=&#8221;1_2&#8243; _builder_version=&#8221;4.22.1&#8243; _module_preset=&#8221;default&#8221; global_colors_info=&#8221;{}&#8221;][et_pb_text _builder_version=&#8221;4.22.1&#8243; _module_preset=&#8221;default&#8221; text_text_color=&#8221;#000000&#8243; text_font_size=&#8221;20px&#8221; custom_margin=&#8221;0px||0px||true|false&#8221; custom_padding=&#8221;0px||0px||true|false&#8221; global_colors_info=&#8221;{}&#8221;]<\/p>\n<p>Aut\u00f3ment\u0151<\/p>\n<p>[\/et_pb_text][et_pb_icon font_icon=&#8221;&#x38;||divi||400&#8243; icon_width=&#8221;45px&#8221; url=&#8221;https:\/\/platosmg.hu\/?page_id=26&#8243; align=&#8221;left&#8221; _builder_version=&#8221;4.22.1&#8243; _module_preset=&#8221;default&#8221; custom_margin=&#8221;||10px||false|false&#8221; global_colors_info=&#8221;{}&#8221;][\/et_pb_icon][\/et_pb_column][et_pb_column type=&#8221;1_2&#8243; _builder_version=&#8221;4.22.1&#8243; _module_preset=&#8221;default&#8221; global_colors_info=&#8221;{}&#8221;][et_pb_text _builder_version=&#8221;4.22.1&#8243; _module_preset=&#8221;default&#8221; text_text_color=&#8221;#000000&#8243; text_font_size=&#8221;20px&#8221; custom_margin=&#8221;0px||0px||true|false&#8221; custom_padding=&#8221;0px||0px||true|false&#8221; global_colors_info=&#8221;{}&#8221;]<\/p>\n<p style=\"text-align: right;\">P\u00f3tkocsi<\/p>\n<p>[\/et_pb_text][et_pb_icon font_icon=&#8221;&#x39;||divi||400&#8243; icon_width=&#8221;45px&#8221; url=&#8221;https:\/\/platosmg.hu\/?page_id=30&#8243; align=&#8221;right&#8221; _builder_version=&#8221;4.22.1&#8243; _module_preset=&#8221;default&#8221; custom_margin=&#8221;||10px||false|false&#8221; global_colors_info=&#8221;{}&#8221;][\/et_pb_icon][\/et_pb_column][\/et_pb_row][et_pb_row _builder_version=&#8221;4.22.1&#8243; _module_preset=&#8221;default&#8221; custom_padding=&#8221;0px||||false|false&#8221; global_colors_info=&#8221;{}&#8221;][et_pb_column type=&#8221;4_4&#8243; _builder_version=&#8221;4.22.1&#8243; _module_preset=&#8221;default&#8221; global_colors_info=&#8221;{}&#8221;][et_pb_text _builder_version=&#8221;4.22.1&#8243; _module_preset=&#8221;default&#8221; header_font=&#8221;|600||on|||||&#8221; header_text_align=&#8221;center&#8221; header_font_size=&#8221;35px&#8221; header_letter_spacing=&#8221;1px&#8221; global_colors_info=&#8221;{}&#8221;]<\/p>\n<h1>H\u0151szigetelt furgon<\/h1>\n<p>[\/et_pb_text][\/et_pb_column][\/et_pb_row][et_pb_row column_structure=&#8221;3_5,2_5&#8243; use_custom_gutter=&#8221;on&#8221; _builder_version=&#8221;4.22.1&#8243; _module_preset=&#8221;default&#8221; width=&#8221;90%&#8221; max_width=&#8221;90%&#8221; global_colors_info=&#8221;{}&#8221;][et_pb_column type=&#8221;3_5&#8243; _builder_version=&#8221;4.22.1&#8243; _module_preset=&#8221;default&#8221; global_colors_info=&#8221;{}&#8221;][et_pb_text _builder_version=&#8221;4.22.1&#8243; _module_preset=&#8221;default&#8221; text_font_size=&#8221;18px&#8221; text_line_height=&#8221;1.9em&#8221; global_colors_info=&#8221;{}&#8221;]<\/p>\n<p>A z\u00e1rt \u00e1rusz\u00e1ll\u00edt\u00f3 furgonok ut\u00f3lagos h\u0151szigetel\u00e9s\u00e9t els\u0151sorban olyan fuvaroz\u00f3knak aj\u00e1nljuk, akik romland\u00f3 \u00e1ruk, \u00e9lelmiszerek, stb. sz\u00e1ll\u00edt\u00e1s\u00e1val foglalkoznak.<\/p>\n<p>A bels\u0151 bor\u00edt\u00e1shoz haszn\u00e1lt anyagoknak k\u00f6sz\u00f6nhet\u0151en az \u00e1talak\u00edt\u00e1s ut\u00e1n a teherg\u00e9pkocsi \u00e1rusz\u00e1ll\u00edt\u00f3 tere az eg\u00e9szs\u00e9g\u00fcgyi el\u0151\u00edr\u00e1soknak megfelel. H\u0171t\u0151berendez\u00e9s be\u00e9p\u00edt\u00e9s\u00e9vel az \u00e1rusz\u00e1ll\u00edt\u00f3 t\u00e9r 0..+5\u00b0C h\u0151m\u00e9rs\u00e9kletig h\u0171thet\u0151.Speci\u00e1lis kivitelben lehet\u0151s\u00e9g van a furgon rakter\u00e9nek v\u00e1laszfallal t\u00f6rt\u00e9n\u0151 lez\u00e1r\u00e1s\u00e1ra \u00e9s h\u0151szigetel\u00e9s\u00e9re, illetve falakkal hat\u00e1rolt, \u00e9s h\u0171t\u0151panelekb\u0151l gy\u00e1rtott egyedi ajt\u00f3kkal -20\u00b0C-ra is fagyaszthat\u00f3 a rakt\u00e9r.<\/p>\n<p>Tov\u00e1bbi kivitelben a furgon padl\u00f3j\u00e1t, vagy ak\u00e1r a teljes rakteret r\u00e9tegelt lemezzel, vagy m\u00e1s impregn\u00e1lt burkol\u00f3anyaggal bor\u00edtjuk, illetve rakom\u00e1nyr\u00f6gz\u00edt\u0151kkel szerelj\u00fck. Ig\u00e9ny eset\u00e9n a h\u0151szigetelt j\u00e1rm\u0171 h\u0171t\u0151berendez\u00e9ssel felszerelve k\u00e9sz\u00fcl.<\/p>\n<p>[\/et_pb_text][\/et_pb_column][et_pb_column type=&#8221;2_5&#8243; _builder_version=&#8221;4.22.1&#8243; _module_preset=&#8221;default&#8221; global_colors_info=&#8221;{}&#8221;][et_pb_image src=&#8221;https:\/\/platosmg.hu\/wp-content\/uploads\/2025\/01\/FB_IMG_1738143677464.jpg&#8221; title_text=&#8221;FB_IMG_1738143677464&#8243; _builder_version=&#8221;4.27.0&#8243; _module_preset=&#8221;default&#8221; hover_enabled=&#8221;0&#8243; global_colors_info=&#8221;{}&#8221; sticky_enabled=&#8221;0&#8243;][\/et_pb_image][\/et_pb_column][\/et_pb_row][\/et_pb_section][et_pb_section fb_built=&#8221;1&#8243; _builder_version=&#8221;4.22.1&#8243; _module_preset=&#8221;default&#8221; custom_padding=&#8221;2px|||||&#8221; global_colors_info=&#8221;{}&#8221;][et_pb_row use_custom_gutter=&#8221;on&#8221; _builder_version=&#8221;4.22.1&#8243; _module_preset=&#8221;default&#8221; width=&#8221;90%&#8221; max_width=&#8221;90%&#8221; global_colors_info=&#8221;{}&#8221;][et_pb_column type=&#8221;4_4&#8243; _builder_version=&#8221;4.22.1&#8243; _module_preset=&#8221;default&#8221; global_colors_info=&#8221;{}&#8221;][et_pb_text _builder_version=&#8221;4.22.1&#8243; _module_preset=&#8221;default&#8221; header_font=&#8221;|600||on|||||&#8221; header_text_align=&#8221;center&#8221; header_font_size=&#8221;35px&#8221; header_letter_spacing=&#8221;1px&#8221; global_colors_info=&#8221;{}&#8221;]<\/p>\n<h1>Referencia k\u00e9pek<\/h1>\n<p>[\/et_pb_text][et_pb_text _builder_version=&#8221;4.24.3&#8243; _module_preset=&#8221;default&#8221; text_font_size=&#8221;18px&#8221; text_line_height=&#8221;1.9em&#8221; global_colors_info=&#8221;{}&#8221;]<\/p>\n<p style=\"text-align: center;\">Ut\u00f3lagosan h\u0151szigetelt furgon<\/p>\n<p>[\/et_pb_text][et_pb_gallery gallery_ids=&#8221;1619,1616,1617,1618,1519,1520,1518,1098,1099,1100,1101,1102,1103,1104,1105,1106,1107,1108,1109,1110,1111,1112,1113,1114,1115,1116,1117,1118,1119,1120,1121,1122,1123,1124,1125,1126,1127,1128,1129,1130,1131,1132,1133,1134&#8243; posts_number=&#8221;200&#8243; show_title_and_caption=&#8221;off&#8221; show_pagination=&#8221;off&#8221; _builder_version=&#8221;4.27.0&#8243; _module_preset=&#8221;default&#8221; hover_enabled=&#8221;0&#8243; global_colors_info=&#8221;{}&#8221; sticky_enabled=&#8221;0&#8243;][\/et_pb_gallery][\/et_pb_column][\/et_pb_row][\/et_pb_section]<\/p>\n","protected":false},"excerpt":{"rendered":"<p>Aut\u00f3ment\u0151P\u00f3tkocsiH\u0151szigetelt furgonA z\u00e1rt \u00e1rusz\u00e1ll\u00edt\u00f3 furgonok ut\u00f3lagos h\u0151szigetel\u00e9s\u00e9t els\u0151sorban olyan fuvaroz\u00f3knak aj\u00e1nljuk, akik romland\u00f3 \u00e1ruk, \u00e9lelmiszerek, stb. sz\u00e1ll\u00edt\u00e1s\u00e1val foglalkoznak. A bels\u0151 bor\u00edt\u00e1shoz haszn\u00e1lt anyagoknak k\u00f6sz\u00f6nhet\u0151en az \u00e1talak\u00edt\u00e1s ut\u00e1n a teherg\u00e9pkocsi \u00e1rusz\u00e1ll\u00edt\u00f3 tere az eg\u00e9szs\u00e9g\u00fcgyi el\u0151\u00edr\u00e1soknak megfelel. H\u0171t\u0151berendez\u00e9s be\u00e9p\u00edt\u00e9s\u00e9vel az \u00e1rusz\u00e1ll\u00edt\u00f3 t\u00e9r 0..+5\u00b0C h\u0151m\u00e9rs\u00e9kletig h\u0171thet\u0151.Speci\u00e1lis kivitelben lehet\u0151s\u00e9g van a furgon rakter\u00e9nek v\u00e1laszfallal t\u00f6rt\u00e9n\u0151 lez\u00e1r\u00e1s\u00e1ra \u00e9s h\u0151szigetel\u00e9s\u00e9re, illetve [&hellip;]<\/p>\n","protected":false},"author":1,"featured_media":0,"parent":0,"menu_order":0,"comment_status":"closed","ping_status":"closed","template":"","meta":{"_et_pb_use_builder":"on","_et_pb_old_content":"<!-- wp:divi\/placeholder \/-->","_et_gb_content_width":"","footnotes":""},"class_list":["post-28","page","type-page","status-publish","hentry"],"_links":{"self":[{"href":"https:\/\/platosmg.hu\/index.php?rest_route=\/wp\/v2\/pages\/28","targetHints":{"allow":["GET"]}}],"collection":[{"href":"https:\/\/platosmg.hu\/index.php?rest_route=\/wp\/v2\/pages"}],"about":[{"href":"https:\/\/platosmg.hu\/index.php?rest_route=\/wp\/v2\/types\/page"}],"author":[{"embeddable":true,"href":"https:\/\/platosmg.hu\/index.php?rest_route=\/wp\/v2\/users\/1"}],"replies":[{"embeddable":true,"href":"https:\/\/platosmg.hu\/index.php?rest_route=%2Fwp%2Fv2%2Fcomments&post=28"}],"version-history":[{"count":7,"href":"https:\/\/platosmg.hu\/index.php?rest_route=\/wp\/v2\/pages\/28\/revisions"}],"predecessor-version":[{"id":1620,"href":"https:\/\/platosmg.hu\/index.php?rest_route=\/wp\/v2\/pages\/28\/revisions\/1620"}],"wp:attachment":[{"href":"https:\/\/platosmg.hu\/index.php?rest_route=%2Fwp%2Fv2%2Fmedia&parent=28"}],"curies":[{"name":"wp","href":"https:\/\/api.w.org\/{rel}","templated":true}]}}