{"id":32,"date":"2023-08-29T12:30:38","date_gmt":"2023-08-29T12:30:38","guid":{"rendered":"https:\/\/platosmg.hu\/?page_id=32"},"modified":"2024-07-29T11:28:05","modified_gmt":"2024-07-29T11:28:05","slug":"utanfuto","status":"publish","type":"page","link":"https:\/\/platosmg.hu\/?page_id=32","title":{"rendered":"Ut\u00e1nfut\u00f3"},"content":{"rendered":"<p>[et_pb_section fb_built=&#8221;1&#8243; _builder_version=&#8221;4.22.1&#8243; _module_preset=&#8221;default&#8221; global_colors_info=&#8221;{}&#8221;][et_pb_row column_structure=&#8221;1_2,1_2&#8243; use_custom_gutter=&#8221;on&#8221; gutter_width=&#8221;1&#8243; _builder_version=&#8221;4.22.1&#8243; _module_preset=&#8221;default&#8221; width=&#8221;95%&#8221; max_width=&#8221;100%&#8221; custom_padding=&#8221;0px||0px||true|false&#8221; global_colors_info=&#8221;{}&#8221;][et_pb_column type=&#8221;1_2&#8243; _builder_version=&#8221;4.22.1&#8243; _module_preset=&#8221;default&#8221; global_colors_info=&#8221;{}&#8221;][et_pb_text _builder_version=&#8221;4.22.1&#8243; _module_preset=&#8221;default&#8221; text_text_color=&#8221;#000000&#8243; text_font_size=&#8221;20px&#8221; custom_margin=&#8221;0px||0px||true|false&#8221; custom_padding=&#8221;0px||0px||true|false&#8221; global_colors_info=&#8221;{}&#8221;]<\/p>\n<p>P\u00f3tkocsi<\/p>\n<p>[\/et_pb_text][et_pb_icon font_icon=&#8221;&#x38;||divi||400&#8243; icon_width=&#8221;45px&#8221; url=&#8221;https:\/\/platosmg.hu\/?page_id=30&#8243; align=&#8221;left&#8221; _builder_version=&#8221;4.22.1&#8243; _module_preset=&#8221;default&#8221; custom_margin=&#8221;||10px||false|false&#8221; global_colors_info=&#8221;{}&#8221;][\/et_pb_icon][\/et_pb_column][et_pb_column type=&#8221;1_2&#8243; _builder_version=&#8221;4.22.1&#8243; _module_preset=&#8221;default&#8221; global_colors_info=&#8221;{}&#8221;][et_pb_text _builder_version=&#8221;4.22.1&#8243; _module_preset=&#8221;default&#8221; text_text_color=&#8221;#000000&#8243; text_font_size=&#8221;20px&#8221; custom_margin=&#8221;0px||0px||true|false&#8221; custom_padding=&#8221;0px||0px||true|false&#8221; global_colors_info=&#8221;{}&#8221;]<\/p>\n<p style=\"text-align: right;\">Speci\u00e1lis fel\u00e9p\u00edtm\u00e9ny<\/p>\n<p>[\/et_pb_text][et_pb_icon font_icon=&#8221;&#x39;||divi||400&#8243; icon_width=&#8221;45px&#8221; url=&#8221;https:\/\/platosmg.hu\/?page_id=34&#8243; align=&#8221;right&#8221; _builder_version=&#8221;4.22.1&#8243; _module_preset=&#8221;default&#8221; custom_margin=&#8221;||10px||false|false&#8221; global_colors_info=&#8221;{}&#8221;][\/et_pb_icon][\/et_pb_column][\/et_pb_row][et_pb_row _builder_version=&#8221;4.22.1&#8243; _module_preset=&#8221;default&#8221; custom_padding=&#8221;0px||||false|false&#8221; global_colors_info=&#8221;{}&#8221;][et_pb_column type=&#8221;4_4&#8243; _builder_version=&#8221;4.22.1&#8243; _module_preset=&#8221;default&#8221; global_colors_info=&#8221;{}&#8221;][et_pb_text _builder_version=&#8221;4.22.1&#8243; _module_preset=&#8221;default&#8221; header_font=&#8221;|600||on|||||&#8221; header_text_align=&#8221;center&#8221; header_font_size=&#8221;35px&#8221; header_letter_spacing=&#8221;1px&#8221; global_colors_info=&#8221;{}&#8221;]<\/p>\n<h1>Ut\u00e1nfut\u00f3<\/h1>\n<p>[\/et_pb_text][\/et_pb_column][\/et_pb_row][et_pb_row column_structure=&#8221;3_5,2_5&#8243; use_custom_gutter=&#8221;on&#8221; _builder_version=&#8221;4.22.1&#8243; _module_preset=&#8221;default&#8221; width=&#8221;90%&#8221; max_width=&#8221;90%&#8221; global_colors_info=&#8221;{}&#8221;][et_pb_column type=&#8221;3_5&#8243; _builder_version=&#8221;4.22.1&#8243; _module_preset=&#8221;default&#8221; global_colors_info=&#8221;{}&#8221;][et_pb_text _builder_version=&#8221;4.22.1&#8243; _module_preset=&#8221;default&#8221; text_font_size=&#8221;18px&#8221; text_line_height=&#8221;1.9em&#8221; global_colors_info=&#8221;{}&#8221;]<\/p>\n<p>V\u00e1llaljuk f\u00e9k n\u00e9lk\u00fcli vagy r\u00e1fut\u00f3f\u00e9kes egyedi ut\u00e1nfut\u00f3k gy\u00e1rt\u00e1s\u00e1t megrendel\u0151i ig\u00e9nyek alapj\u00e1n.<\/p>\n<p>Ut\u00e1nfut\u00f3inkat minden esetben alv\u00e1zv\u00e9dett vagy t\u00fczihorganyzott ac\u00e9lv\u00e1zra \u00e9p\u00edtj\u00fck. KNOTT vagy ALKO gy\u00e1rtm\u00e1ny\u00fa torzi\u00f3s tengellyel, kapcsol\u00f3fejjel szerelj\u00fck , biztos\u00edtva a magas min\u0151s\u00e9gi elv\u00e1r\u00e1sokat. A k\u00e9nyelmes kapcsol\u00e1st ors\u00f3s t\u00e1maszt\u00f3ker\u00e9k, a biztons\u00e1gos rakod\u00e1st t\u00e1maszt\u00f3l\u00e1b biztos\u00edthatja.<\/p>\n<p>Fel\u00e9p\u00edtm\u00e9ny\u00fck szerint lehetnek: plat\u00f3s, ponyv\u00e1s, alu dobozos, h\u0151szigetelt dobozos illetve j\u00e1rm\u0171sz\u00e1ll\u00edt\u00f3 ut\u00e1nfut\u00f3k, trailerek.<\/p>\n<p>[\/et_pb_text][\/et_pb_column][et_pb_column type=&#8221;2_5&#8243; _builder_version=&#8221;4.22.1&#8243; _module_preset=&#8221;default&#8221; global_colors_info=&#8221;{}&#8221;][et_pb_image src=&#8221;https:\/\/platosmg.hu\/wp-content\/uploads\/2024\/01\/utanfuto-slide.jpg&#8221; title_text=&#8221;ut\u00e1nfut\u00f3 slide&#8221; _builder_version=&#8221;4.23.1&#8243; _module_preset=&#8221;default&#8221; global_colors_info=&#8221;{}&#8221;][\/et_pb_image][\/et_pb_column][\/et_pb_row][\/et_pb_section][et_pb_section fb_built=&#8221;1&#8243; _builder_version=&#8221;4.22.1&#8243; _module_preset=&#8221;default&#8221; custom_padding=&#8221;2px|||||&#8221; global_colors_info=&#8221;{}&#8221;][et_pb_row use_custom_gutter=&#8221;on&#8221; _builder_version=&#8221;4.22.1&#8243; _module_preset=&#8221;default&#8221; width=&#8221;90%&#8221; max_width=&#8221;90%&#8221; global_colors_info=&#8221;{}&#8221;][et_pb_column type=&#8221;4_4&#8243; _builder_version=&#8221;4.22.1&#8243; _module_preset=&#8221;default&#8221; global_colors_info=&#8221;{}&#8221;][et_pb_text _builder_version=&#8221;4.22.1&#8243; _module_preset=&#8221;default&#8221; header_font=&#8221;|600||on|||||&#8221; header_text_align=&#8221;center&#8221; header_font_size=&#8221;35px&#8221; header_letter_spacing=&#8221;1px&#8221; global_colors_info=&#8221;{}&#8221;]<\/p>\n<h1>Referencia k\u00e9pek<\/h1>\n<p>[\/et_pb_text][et_pb_text _builder_version=&#8221;4.22.1&#8243; _module_preset=&#8221;default&#8221; text_font_size=&#8221;18px&#8221; text_line_height=&#8221;1.9em&#8221; global_colors_info=&#8221;{}&#8221;]<\/p>\n<p style=\"text-align: center;\">UT\u00c1NFUT\u00d3K<\/p>\n<p>[\/et_pb_text][et_pb_gallery gallery_ids=&#8221;1553,1554,1399,1397,1398,1147,1148,1149,1150,1151,1152,1153,1154,1155,1156,1157,1158,1159,1160,1161,1162,1163,1164,1165,1166,1167,1168&#8243; posts_number=&#8221;20&#8243; show_title_and_caption=&#8221;off&#8221; show_pagination=&#8221;off&#8221; _builder_version=&#8221;4.24.3&#8243; _module_preset=&#8221;default&#8221; hover_enabled=&#8221;0&#8243; global_colors_info=&#8221;{}&#8221; sticky_enabled=&#8221;0&#8243;][\/et_pb_gallery][\/et_pb_column][\/et_pb_row][\/et_pb_section]<\/p>\n","protected":false},"excerpt":{"rendered":"<p>P\u00f3tkocsiSpeci\u00e1lis fel\u00e9p\u00edtm\u00e9nyUt\u00e1nfut\u00f3V\u00e1llaljuk f\u00e9k n\u00e9lk\u00fcli vagy r\u00e1fut\u00f3f\u00e9kes egyedi ut\u00e1nfut\u00f3k gy\u00e1rt\u00e1s\u00e1t megrendel\u0151i ig\u00e9nyek alapj\u00e1n. Ut\u00e1nfut\u00f3inkat minden esetben alv\u00e1zv\u00e9dett vagy t\u00fczihorganyzott ac\u00e9lv\u00e1zra \u00e9p\u00edtj\u00fck. KNOTT vagy ALKO gy\u00e1rtm\u00e1ny\u00fa torzi\u00f3s tengellyel, kapcsol\u00f3fejjel szerelj\u00fck , biztos\u00edtva a magas min\u0151s\u00e9gi elv\u00e1r\u00e1sokat. A k\u00e9nyelmes kapcsol\u00e1st ors\u00f3s t\u00e1maszt\u00f3ker\u00e9k, a biztons\u00e1gos rakod\u00e1st t\u00e1maszt\u00f3l\u00e1b biztos\u00edthatja. Fel\u00e9p\u00edtm\u00e9ny\u00fck szerint lehetnek: plat\u00f3s, ponyv\u00e1s, alu dobozos, h\u0151szigetelt dobozos illetve j\u00e1rm\u0171sz\u00e1ll\u00edt\u00f3 [&hellip;]<\/p>\n","protected":false},"author":1,"featured_media":0,"parent":0,"menu_order":0,"comment_status":"closed","ping_status":"closed","template":"","meta":{"_et_pb_use_builder":"on","_et_pb_old_content":"<!-- wp:divi\/placeholder \/-->","_et_gb_content_width":"","footnotes":""},"class_list":["post-32","page","type-page","status-publish","hentry"],"_links":{"self":[{"href":"https:\/\/platosmg.hu\/index.php?rest_route=\/wp\/v2\/pages\/32","targetHints":{"allow":["GET"]}}],"collection":[{"href":"https:\/\/platosmg.hu\/index.php?rest_route=\/wp\/v2\/pages"}],"about":[{"href":"https:\/\/platosmg.hu\/index.php?rest_route=\/wp\/v2\/types\/page"}],"author":[{"embeddable":true,"href":"https:\/\/platosmg.hu\/index.php?rest_route=\/wp\/v2\/users\/1"}],"replies":[{"embeddable":true,"href":"https:\/\/platosmg.hu\/index.php?rest_route=%2Fwp%2Fv2%2Fcomments&post=32"}],"version-history":[{"count":6,"href":"https:\/\/platosmg.hu\/index.php?rest_route=\/wp\/v2\/pages\/32\/revisions"}],"predecessor-version":[{"id":1555,"href":"https:\/\/platosmg.hu\/index.php?rest_route=\/wp\/v2\/pages\/32\/revisions\/1555"}],"wp:attachment":[{"href":"https:\/\/platosmg.hu\/index.php?rest_route=%2Fwp%2Fv2%2Fmedia&parent=32"}],"curies":[{"name":"wp","href":"https:\/\/api.w.org\/{rel}","templated":true}]}}