{"id":42,"date":"2023-08-29T12:33:57","date_gmt":"2023-08-29T12:33:57","guid":{"rendered":"https:\/\/platosmg.hu\/?page_id=42"},"modified":"2023-08-29T16:19:14","modified_gmt":"2023-08-29T16:19:14","slug":"minosegpolitika","status":"publish","type":"page","link":"https:\/\/platosmg.hu\/?page_id=42","title":{"rendered":"Min\u0151s\u00e9gpolitika"},"content":{"rendered":"<p>[et_pb_section fb_built=&#8221;1&#8243; theme_builder_area=&#8221;post_content&#8221; _builder_version=&#8221;4.22.1&#8243; _module_preset=&#8221;default&#8221;][et_pb_row _builder_version=&#8221;4.22.1&#8243; _module_preset=&#8221;default&#8221; theme_builder_area=&#8221;post_content&#8221;][et_pb_column _builder_version=&#8221;4.22.1&#8243; _module_preset=&#8221;default&#8221; type=&#8221;4_4&#8243; theme_builder_area=&#8221;post_content&#8221;][et_pb_text _builder_version=&#8221;4.22.1&#8243; _module_preset=&#8221;default&#8221; theme_builder_area=&#8221;post_content&#8221; header_font=&#8221;|600||on|||||&#8221; header_text_align=&#8221;center&#8221; header_font_size=&#8221;35px&#8221; header_letter_spacing=&#8221;1px&#8221; hover_enabled=&#8221;0&#8243; sticky_enabled=&#8221;0&#8243;]<\/p>\n<h1>Min\u0151s\u00e9gpolitika<\/h1>\n<p>[\/et_pb_text][\/et_pb_column][\/et_pb_row][et_pb_row _builder_version=&#8221;4.22.1&#8243; _module_preset=&#8221;default&#8221; theme_builder_area=&#8221;post_content&#8221;][et_pb_column _builder_version=&#8221;4.22.1&#8243; _module_preset=&#8221;default&#8221; type=&#8221;4_4&#8243; theme_builder_area=&#8221;post_content&#8221;][et_pb_text _builder_version=&#8221;4.22.1&#8243; _module_preset=&#8221;default&#8221; theme_builder_area=&#8221;post_content&#8221; hover_enabled=&#8221;0&#8243; sticky_enabled=&#8221;0&#8243; text_font_size=&#8221;18px&#8221; text_text_color=&#8221;#000000&#8243;]<\/p>\n<p>A Plat\u00f3 SMG Kft. els\u0151dleges c\u00e9lj\u00e1nak tekinti megb\u00edz\u00f3i ig\u00e9nyeinek teljes k\u00f6r\u0171 kiel\u00e9g\u00edt\u00e9s\u00e9t, mert hossz\u00fa t\u00e1von akarunk megfelelni megb\u00edz\u00f3ink elv\u00e1r\u00e1sainak. C\u00e9g\u00fcnk vezet\u0151i \u00e9s munkat\u00e1rsai egyar\u00e1nt elk\u00f6telezettek az MSZ EN ISO 9001:2001 szabv\u00e1ny k\u00f6vetelm\u00e9nyeinek megfelel\u0151en kialak\u00edtott Min\u0151s\u00e9gir\u00e1ny\u00edt\u00e1si Rendszer hat\u00e9kony m\u0171k\u00f6dtet\u00e9se \u00e9s folyamatosan tov\u00e1bbfejleszt\u00e9se ir\u00e1nt.<\/p>\n<p>Minden munkat\u00e1rsunknak fontos feladat\u00e1nak kell tekintenie \u00f6nmaga fejleszt\u00e9s\u00e9t. C\u00e9g\u00fcnk seg\u00edti \u00e9s t\u00e1mogatja, de el is v\u00e1rja az egy\u00e9nek \u00f6nk\u00e9pz\u00e9sre ir\u00e1nyul\u00f3 sz\u00e1nd\u00e9kait. Mivel c\u00e9g\u00fcnk folyamatosan a technikai \u00e9s technol\u00f3giai fejl\u0151d\u00e9shez igazod\u00f3, magas szinvonal\u00fa tev\u00e9kenys\u00e9get k\u00edv\u00e1n v\u00e9gezni, ez\u00e9rt munkat\u00e1rsainknak fejl\u0151dni\u00fck kell a szakm\u00e1ban, nyelvtud\u00e1sban, szem\u00e9lyis\u00e9gben, l\u00e1t\u00f3k\u00f6r\u00fck sz\u00e9les\u00edt\u00e9s\u00e9ben.<\/p>\n<p>J\u00f3 h\u00edrnev\u00fcnk a siker\u00fcnk alapfelt\u00e9tele, ez\u00e9rt mindent meg kell tenn\u00fcnk, hogy a Plato SMG n\u00e9v \u00f6sszeforrjon a j\u00f3 min\u0151s\u00e9g, nagy megb\u00edzhat\u00f3s\u00e1g, pontoss\u00e1g, rugalmass\u00e1g, ig\u00e9nyess\u00e9g \u00e9s vev\u0151k\u00f6zpont\u00fas\u00e1g fogalmakkal.<\/p>\n<p>C\u00e9g\u00fcnk min\u0151s\u00e9gc\u00e9ljait a k\u00f6vetkez\u0151kben fogalmazza meg:<\/p>\n<blockquote>\n<p>1. 0. Hossz\u00fat\u00e1von piacvezet\u0151 poz\u00edci\u00f3<br \/>el\u00e9r\u00e9se, a hazai \u00e9s nemzetk\u00f6zi piacokon.<br \/>1.1. Ismertt\u00e9 \u00e9s elismertt\u00e9 v\u00e1lni a j\u00e1rm\u0171- \u00e9s fel\u00e9p\u00edtm\u00e9nygy\u00e1rt\u00e1s ter\u00fclet\u00e9n.<br \/>1.2. A vev\u0151i ig\u00e9nyek minn\u00e9l magasabb szint\u0171 kiel\u00e9g\u00edt\u00e9s\u00e9re alkalmas term\u00e9kek tervez\u00e9se \u00e9s gy\u00e1rt\u00e1sa.<br \/>1.3. Folyamatos meg\u00fajul\u00e1si k\u00e9pess\u00e9g a term\u00e9k- \u00e9s szolg\u00e1ltat\u00e1sfejleszt\u00e9s ter\u00fclet\u00e9n.<\/p>\n<\/blockquote>\n<p>Eszk\u00f6zeink \u00e9s \u00e9rt\u00e9keink:<\/p>\n<blockquote>\n<p>1.4. Korszer\u0171 tervez\u00e9si, termel\u00e9si-szervez\u00e9si m\u00f3dszerek \u00e9s eszk\u00f6z\u00f6k haszn\u00e1lata.<br \/>1.5. Hat\u00e9kony min\u0151s\u00e9g\u00fcgyi rendszer m\u0171k\u00f6dtet\u00e9se.<br \/>1.6. Besz\u00e1ll\u00edt\u00f3inkt\u00f3l igazolt min\u0151s\u00e9gk\u00e9pess\u00e9g megk\u00f6vetel\u00e9se.<br \/>1.7. Kapcsolatainkban a min\u0151s\u00e9g partners\u00e9gre val\u00f3 t\u00f6rekv\u00e9s.<br \/>1.8. A vev\u0151k ig\u00e9nyeire \u00e9s megel\u00e9gedetts\u00e9g\u00e9re f\u00f3kusz\u00e1lt m\u0171k\u00f6d\u00e9sm\u00f3d.<br \/>1.9. Munkat\u00e1rsaink kreativit\u00e1s\u00e1nak, kiv\u00e1l\u00f3 szaktud\u00e1s\u00e1nak kamatoztat\u00e1sa a fejl\u0151d\u00e9s \u00e9rdek\u00e9ben.<\/p>\n<\/blockquote>\n<p align=\"center\">A Plat\u00f3 SMG Kft. tev\u00e9kenys\u00e9ge meghat\u00e1roz\u00f3 elem\u00e9nek tekinti a min\u0151s\u00e9get, ez\u00e9rt ez minden d\u00f6nt\u00e9s\u00e9ben, minden folyamat\u00e1ban \u00e9s minden m\u0171k\u00f6d\u00e9si ter\u00fclet\u00e9n els\u0151bs\u00e9get \u00e9lvez. Ehhez minden munkat\u00e1rs \u00e9s minden k\u00fcls\u0151 partner egy\u00fcttm\u0171k\u00f6d\u00e9se sz\u00fcks\u00e9ges.<\/p>\n<p>[\/et_pb_text][\/et_pb_column][\/et_pb_row][\/et_pb_section]<\/p>\n","protected":false},"excerpt":{"rendered":"<p>Min\u0151s\u00e9gpolitikaA Plat\u00f3 SMG Kft. els\u0151dleges c\u00e9lj\u00e1nak tekinti megb\u00edz\u00f3i ig\u00e9nyeinek teljes k\u00f6r\u0171 kiel\u00e9g\u00edt\u00e9s\u00e9t, mert hossz\u00fa t\u00e1von akarunk megfelelni megb\u00edz\u00f3ink elv\u00e1r\u00e1sainak. C\u00e9g\u00fcnk vezet\u0151i \u00e9s munkat\u00e1rsai egyar\u00e1nt elk\u00f6telezettek az MSZ EN ISO 9001:2001 szabv\u00e1ny k\u00f6vetelm\u00e9nyeinek megfelel\u0151en kialak\u00edtott Min\u0151s\u00e9gir\u00e1ny\u00edt\u00e1si Rendszer hat\u00e9kony m\u0171k\u00f6dtet\u00e9se \u00e9s folyamatosan tov\u00e1bbfejleszt\u00e9se ir\u00e1nt. Minden munkat\u00e1rsunknak fontos feladat\u00e1nak kell tekintenie \u00f6nmaga fejleszt\u00e9s\u00e9t. C\u00e9g\u00fcnk seg\u00edti \u00e9s t\u00e1mogatja, de [&hellip;]<\/p>\n","protected":false},"author":1,"featured_media":0,"parent":0,"menu_order":0,"comment_status":"closed","ping_status":"closed","template":"","meta":{"_et_pb_use_builder":"on","_et_pb_old_content":"<!-- wp:divi\/placeholder \/-->","_et_gb_content_width":"","footnotes":""},"class_list":["post-42","page","type-page","status-publish","hentry"],"_links":{"self":[{"href":"https:\/\/platosmg.hu\/index.php?rest_route=\/wp\/v2\/pages\/42","targetHints":{"allow":["GET"]}}],"collection":[{"href":"https:\/\/platosmg.hu\/index.php?rest_route=\/wp\/v2\/pages"}],"about":[{"href":"https:\/\/platosmg.hu\/index.php?rest_route=\/wp\/v2\/types\/page"}],"author":[{"embeddable":true,"href":"https:\/\/platosmg.hu\/index.php?rest_route=\/wp\/v2\/users\/1"}],"replies":[{"embeddable":true,"href":"https:\/\/platosmg.hu\/index.php?rest_route=%2Fwp%2Fv2%2Fcomments&post=42"}],"version-history":[{"count":4,"href":"https:\/\/platosmg.hu\/index.php?rest_route=\/wp\/v2\/pages\/42\/revisions"}],"predecessor-version":[{"id":107,"href":"https:\/\/platosmg.hu\/index.php?rest_route=\/wp\/v2\/pages\/42\/revisions\/107"}],"wp:attachment":[{"href":"https:\/\/platosmg.hu\/index.php?rest_route=%2Fwp%2Fv2%2Fmedia&parent=42"}],"curies":[{"name":"wp","href":"https:\/\/api.w.org\/{rel}","templated":true}]}}